{"id":501,"date":"2024-08-06T15:15:45","date_gmt":"2024-08-06T15:15:45","guid":{"rendered":"https:\/\/tondinilaw.com\/?page_id=501"},"modified":"2024-11-18T16:09:45","modified_gmt":"2024-11-18T16:09:45","slug":"terms-of-service","status":"publish","type":"page","link":"https:\/\/tondinilaw.com\/it\/condizioni-di-servizio\/","title":{"rendered":"Termini di servizio"},"content":{"rendered":"<p>[et_pb_section fb_built=&#8221;1&#8243; admin_label=&#8221;Page Title Section&#8221; _builder_version=&#8221;4.16&#8243; use_background_color_gradient=&#8221;on&#8221; background_color_gradient_direction=&#8221;120deg&#8221; background_color_gradient_stops=&#8221;#000000 0%|rgba(0,0,0,0) 100%&#8221; background_color_gradient_overlays_image=&#8221;on&#8221; background_color_gradient_start=&#8221;#000000&#8243; background_color_gradient_end=&#8221;rgba(0,0,0,0)&#8221; background_image=&#8221;https:\/\/tondinilaw.wpengine.com\/wp-content\/uploads\/2021\/08\/iStock-854518844-2000&#215;400-1.jpg&#8221; custom_padding=&#8221;110px||110px|&#8221; global_colors_info=&#8221;{}&#8221;][et_pb_row column_structure=&#8221;1_2,1_2&#8243; admin_label=&#8221;Page Title Area&#8221; _builder_version=&#8221;4.16&#8243; background_size=&#8221;initial&#8221; background_position=&#8221;top_left&#8221; background_repeat=&#8221;repeat&#8221; global_colors_info=&#8221;{}&#8221;][et_pb_column type=&#8221;1_2&#8243; _builder_version=&#8221;4.16&#8243; custom_padding=&#8221;|||&#8221; global_colors_info=&#8221;{}&#8221; custom_padding__hover=&#8221;|||&#8221;][et_pb_text admin_label=&#8221;Page Subtitle&#8221; _builder_version=&#8221;4.16&#8243; text_font=&#8221;Titillium Web||||||||&#8221; text_font_size=&#8221;18px&#8221; text_line_height=&#8221;1.8em&#8221; header_font=&#8221;||||||||&#8221; header_2_font=&#8221;Titillium Web||||||||&#8221; background_layout=&#8221;dark&#8221; animation_style=&#8221;fade&#8221; global_colors_info=&#8221;{}&#8221;]<\/p>\n<p>Competenza locale. Portata globale<\/p>\n<p>[\/et_pb_text][et_pb_text admin_label=&#8221;Title&#8221; _builder_version=&#8221;4.26.0&#8243; text_font=&#8221;||||||||&#8221; header_font=&#8221;Titillium Web|600||on|||||&#8221; header_font_size=&#8221;60px&#8221; header_line_height=&#8221;1.2em&#8221; header_2_font=&#8221;||||||||&#8221; header_2_font_size=&#8221;60px&#8221; background_layout=&#8221;dark&#8221; custom_margin=&#8221;||20px|&#8221; custom_padding=&#8221;|||&#8221; animation_style=&#8221;fade&#8221; header_font_size_tablet=&#8221;&#8221; header_font_size_phone=&#8221;40px&#8221; header_font_size_last_edited=&#8221;on|phone&#8221; global_colors_info=&#8221;{}&#8221;]<\/p>\n<h1>Termini di servizio<\/h1>\n<p>[\/et_pb_text][\/et_pb_column][et_pb_column type=&#8221;1_2&#8243; _builder_version=&#8221;4.16&#8243; custom_padding=&#8221;|||&#8221; global_colors_info=&#8221;{}&#8221; custom_padding__hover=&#8221;|||&#8221;][\/et_pb_column][\/et_pb_row][\/et_pb_section][et_pb_section fb_built=&#8221;1&#8243; _builder_version=&#8221;4.16&#8243; _module_preset=&#8221;default&#8221; custom_padding=&#8221;||2px|||&#8221; global_colors_info=&#8221;{}&#8221;][et_pb_row _builder_version=&#8221;4.16&#8243; _module_preset=&#8221;default&#8221; global_colors_info=&#8221;{}&#8221;][et_pb_column type=&#8221;4_4&#8243; _builder_version=&#8221;4.16&#8243; _module_preset=&#8221;default&#8221; global_colors_info=&#8221;{}&#8221;][et_pb_text _builder_version=&#8221;4.27.2&#8243; _module_preset=&#8221;default&#8221; text_font=&#8221;Titillium Web||||||||&#8221; text_text_color=&#8221;#333333&#8243; text_font_size=&#8221;18px&#8221; text_line_height=&#8221;1.8em&#8221; global_colors_info=&#8221;{}&#8221;]<\/p>\n<ol>\n<li><b> Accettazione dei termini<\/b><\/li>\n<\/ol>\n<p><span style=\"font-weight: 400;\">Benvenuti a <a href=\"https:\/\/tondinilaw.com\/\">Tondinilaw.com<\/a>. Accedendo o utilizzando il nostro sito web, l'utente accetta di rispettare e di essere vincolato dai presenti Termini di servizio e dalla nostra Informativa sulla privacy. Se non si accettano questi termini, si prega di non utilizzare il nostro sito web.<\/span><\/p>\n<ol start=\"2\">\n<li><b> Descrizione del servizio<\/b><\/li>\n<\/ol>\n<p><span style=\"font-weight: 400;\">Tondinilaw.com fornisce <\/span><a href=\"https:\/\/tondinilaw.com\/about-the-firm\/\"><span style=\"font-weight: 400;\">servizi legali<\/span><\/a><span style=\"font-weight: 400;\">. Ci riserviamo il diritto di modificare o interrompere, temporaneamente o permanentemente, i servizi con o senza preavviso.<\/span><\/p>\n<ol start=\"3\">\n<li><b> Registrazione e account<\/b><\/li>\n<\/ol>\n<p><span style=\"font-weight: 400;\">Per accedere a determinate funzioni del nostro sito web, potrebbe essere necessario registrarsi e creare un account. L'utente accetta di fornire informazioni accurate, aggiornate e complete durante il processo di registrazione e di aggiornare tali informazioni per mantenerle accurate, aggiornate e complete. L'utente \u00e8 responsabile della salvaguardia della propria password e di tutte le attivit\u00e0 svolte nell'ambito del proprio account.<\/span><\/p>\n<ol start=\"4\">\n<li><b> Comportamento dell'utente<\/b><\/li>\n<\/ol>\n<p><span style=\"font-weight: 400;\">L'utente accetta di non utilizzare il sito web per scopi illegali o in qualsiasi modo che possa danneggiare, disabilitare, sovraccaricare o compromettere il sito web. L'utente accetta inoltre di non interferire con l'uso e il godimento del sito web o dei servizi da parte di terzi.<\/span><\/p>\n<ol start=\"5\">\n<li><b> Propriet\u00e0 e uso dei contenuti<\/b><\/li>\n<\/ol>\n<p><span style=\"font-weight: 400;\">Tutti i contenuti di questo sito web, compresi testi, grafici, loghi, immagini e software, sono di propriet\u00e0 della Legge Tondini o dei suoi fornitori di contenuti e sono protetti da copyright e da altre leggi sulla propriet\u00e0 intellettuale. Non \u00e8 consentito modificare, riprodurre, distribuire, creare opere derivate, visualizzare pubblicamente, eseguire pubblicamente o sfruttare in alcun modo alcuno dei contenuti, in tutto o in parte, salvo quanto espressamente autorizzato nei presenti Termini di servizio o previo consenso scritto di Tondini Law.<\/span><\/p>\n<ol start=\"6\">\n<li><b> Contenuti generati dagli utenti<\/b><\/li>\n<\/ol>\n<p><span style=\"font-weight: 400;\">Inviando contenuti a www.tondinilaw.com, l'utente ci concede una licenza mondiale, non esclusiva e priva di royalty per utilizzare, riprodurre, modificare, pubblicare e distribuire tali contenuti per qualsiasi scopo. L'utente dichiara e garantisce di avere i diritti necessari per concedere questa licenza e che i suoi contenuti non violano i diritti di terzi.<\/span><\/p>\n<ol start=\"7\">\n<li><b> La privacy<\/b><\/li>\n<\/ol>\n<p><span style=\"font-weight: 400;\">L'utilizzo del nostro sito web \u00e8 regolato anche dalla nostra Informativa sulla privacy, disponibile all'indirizzo www.tondinilaw.com. Vi invitiamo a prendere visione della nostra Informativa sulla privacy per comprendere le nostre pratiche relative alla raccolta e all'utilizzo dei vostri dati personali.<\/span><\/p>\n<ol start=\"8\">\n<li><b> Esclusione di garanzia<\/b><\/li>\n<\/ol>\n<p><span style=\"font-weight: 400;\">Il sito web e i servizi sono forniti \"cos\u00ec come sono\" e \"come disponibili\" senza garanzie di alcun tipo, espresse o implicite, incluse, a titolo esemplificativo e non esaustivo, le garanzie implicite di commerciabilit\u00e0, idoneit\u00e0 per uno scopo particolare e non violazione. <\/span><a href=\"https:\/\/tondinilaw.com\/\"><span style=\"font-weight: 400;\">www.tondinilaw.com<\/span><\/a><span style=\"font-weight: 400;\"> non garantisce che il sito web sia ininterrotto, sicuro o privo di errori o che eventuali difetti vengano corretti.<\/span><\/p>\n<ol start=\"9\">\n<li><b> Limitazione di responsabilit\u00e0<\/b><\/li>\n<\/ol>\n<p><span style=\"font-weight: 400;\">In nessun caso tondinilaw.com sar\u00e0 responsabile per qualsiasi danno diretto, indiretto, incidentale, speciale, consequenziale o punitivo derivante da o in connessione con l'uso del sito web o dei servizi, anche se tondinilaw.com \u00e8 stato avvisato della possibilit\u00e0 di tali danni.<\/span><\/p>\n<ol start=\"10\">\n<li><b> Indennizzo<\/b><\/li>\n<\/ol>\n<p><span style=\"font-weight: 400;\">L'utente accetta di indennizzare, difendere e tenere indenne tondinilaw.com, i suoi affiliati, funzionari, direttori, dipendenti, agenti e licenziatari da e contro qualsiasi reclamo, responsabilit\u00e0, danni, perdite e spese, comprese le ragionevoli spese legali, derivanti da o in qualsiasi modo connessi con l'accesso o l'utilizzo del sito web o dei servizi.<\/span><\/p>\n<ol start=\"11\">\n<li><b> Legge applicabile<\/b><\/li>\n<\/ol>\n<p><span style=\"font-weight: 400;\">I presenti Termini di servizio sono disciplinati e interpretati in conformit\u00e0 alle leggi dello Stato della California, Contea di San Diego, senza tener conto dei principi di conflitto di leggi. L'utente accetta di sottoporsi alla giurisdizione esclusiva dei tribunali situati nello Stato della California, nella Contea di San Diego, per risolvere qualsiasi controversia derivante da o relativa ai presenti Termini di servizio o al sito web.<\/span><\/p>\n<ol start=\"12\">\n<li><b> Modifiche ai Termini di servizio<\/b><\/li>\n<\/ol>\n<p><span style=\"font-weight: 400;\">Ci riserviamo il diritto di modificare i presenti Termini di servizio in qualsiasi momento. In caso di modifiche, pubblicheremo i termini modificati su questa pagina e aggiorneremo la data \"Ultimo aggiornamento\". L'uso continuato del sito web dopo tali modifiche costituisce l'accettazione dei nuovi Termini di servizio.<\/span><\/p>\n<ol start=\"13\">\n<li><b> Informazioni di contatto<\/b><\/li>\n<\/ol>\n<p><span style=\"font-weight: 400;\">In caso di domande sui presenti Termini di servizio, si prega di contattarci al numero 760-579-2216.<\/span><\/p>\n<p><b>Ultimo aggiornamento:<\/b><span style=\"font-weight: 400;\"> 2 agosto 2024<\/span><\/p>\n<p><span style=\"font-weight: 400;\">Utilizzando questo sito web, l'utente riconosce di aver letto, compreso e accettato di essere vincolato dai presenti Termini di servizio.<\/span><\/p>\n<p>[\/et_pb_text][\/et_pb_column][\/et_pb_row][\/et_pb_section][et_pb_section fb_built=&#8221;1&#8243; _builder_version=&#8221;4.16&#8243; _module_preset=&#8221;default&#8221; width_tablet=&#8221;43%&#8221; width_phone=&#8221;&#8221; width_last_edited=&#8221;on|tablet&#8221; module_alignment_tablet=&#8221;center&#8221; module_alignment_phone=&#8221;&#8221; module_alignment_last_edited=&#8221;on|tablet&#8221; saved_tabs=&#8221;all&#8221; collapsed=&#8221;on&#8221; global_colors_info=&#8221;{}&#8221; global_module=&#8221;273&#8243; theme_builder_area=&#8221;post_content&#8221;][et_pb_row column_structure=&#8221;1_4,1_4,1_4,1_4&#8243; _builder_version=&#8221;4.16&#8243; _module_preset=&#8221;default&#8221; width_tablet=&#8221;100%&#8221; width_phone=&#8221;&#8221; width_last_edited=&#8221;on|phone&#8221; max_width_tablet=&#8221;2560%&#8221; max_width_phone=&#8221;&#8221; max_width_last_edited=&#8221;on|tablet&#8221; global_colors_info=&#8221;{}&#8221; theme_builder_area=&#8221;post_content&#8221;][et_pb_column type=&#8221;1_4&#8243; _builder_version=&#8221;4.16&#8243; _module_preset=&#8221;default&#8221; global_colors_info=&#8221;{}&#8221; theme_builder_area=&#8221;post_content&#8221;][et_pb_image src=&#8221;https:\/\/tondinilaw.com\/wp-content\/uploads\/2021\/08\/ncba.png&#8221; alt=&#8221;ncba badge&#8221; title_text=&#8221;ncba&#8221; align=&#8221;center&#8221; _builder_version=&#8221;4.27.2&#8243; _module_preset=&#8221;default&#8221; width=&#8221;50%&#8221; module_alignment=&#8221;center&#8221; max_height=&#8221;1000px&#8221; global_colors_info=&#8221;{}&#8221; theme_builder_area=&#8221;post_content&#8221;][\/et_pb_image][\/et_pb_column][et_pb_column type=&#8221;1_4&#8243; _builder_version=&#8221;4.16&#8243; _module_preset=&#8221;default&#8221; global_colors_info=&#8221;{}&#8221; theme_builder_area=&#8221;post_content&#8221;][et_pb_image src=&#8221;https:\/\/tondinilaw.com\/wp-content\/uploads\/2024\/08\/2024-AILA-member-Tondini-Law.jpg&#8221; alt=&#8221;2024-AILA-member-Tondini-Law, image of icon&#8221; title_text=&#8221;2024-AILA-member-Tondini-Law&#8221; align=&#8221;center&#8221; _builder_version=&#8221;4.26.0&#8243; _module_preset=&#8221;default&#8221; width=&#8221;50%&#8221; module_alignment=&#8221;center&#8221; max_height=&#8221;1000px&#8221; global_colors_info=&#8221;{}&#8221; theme_builder_area=&#8221;post_content&#8221;][\/et_pb_image][\/et_pb_column][et_pb_column type=&#8221;1_4&#8243; _builder_version=&#8221;4.16&#8243; _module_preset=&#8221;default&#8221; global_colors_info=&#8221;{}&#8221; theme_builder_area=&#8221;post_content&#8221;][et_pb_image src=&#8221;https:\/\/tondinilaw.com\/wp-content\/uploads\/2021\/08\/SDCBA.png&#8221; alt=&#8221;SDCBA San Diego County Bar Association&#8221; title_text=&#8221;SDCBA&#8221; _builder_version=&#8221;4.27.2&#8243; _module_preset=&#8221;default&#8221; global_colors_info=&#8221;{}&#8221; theme_builder_area=&#8221;post_content&#8221;][\/et_pb_image][\/et_pb_column][et_pb_column type=&#8221;1_4&#8243; _builder_version=&#8221;4.16&#8243; _module_preset=&#8221;default&#8221; global_colors_info=&#8221;{}&#8221; theme_builder_area=&#8221;post_content&#8221;][et_pb_image src=&#8221;https:\/\/tondinilaw.com\/wp-content\/uploads\/2021\/11\/Lawyers-Club-Logo.png&#8221; alt=&#8221;Lawyers-Club-Logo&#8221; title_text=&#8221;Lawyers-Club-Logo&#8221; _builder_version=&#8221;4.27.2&#8243; _module_preset=&#8221;default&#8221; width=&#8221;55%&#8221; module_alignment=&#8221;center&#8221; global_colors_info=&#8221;{}&#8221; theme_builder_area=&#8221;post_content&#8221;][\/et_pb_image][\/et_pb_column][\/et_pb_row][\/et_pb_section]<\/p>","protected":false},"excerpt":{"rendered":"<p>Local Expertise. Global ReachTerms of Service Acceptance of Terms Welcome to Tondinilaw.com. By accessing or using our website, you agree to comply with and be bound by these Terms of Service and our Privacy Policy. If you do not agree with these terms, please do not use our website. Description of Service Tondinilaw.com provides legal [&hellip;]<\/p>","protected":false},"author":1,"featured_media":0,"parent":0,"menu_order":0,"comment_status":"closed","ping_status":"closed","template":"","meta":{"_et_pb_use_builder":"on","_et_pb_old_content":"","_et_gb_content_width":"","inline_featured_image":false,"footnotes":""},"class_list":["post-501","page","type-page","status-publish","hentry"],"yoast_head":"<!-- This site is optimized with the Yoast SEO plugin v26.8 - https:\/\/yoast.com\/product\/yoast-seo-wordpress\/ -->\n<title>Terms of Service | Tondini Law | Business &amp; Immigration<\/title>\n<meta name=\"description\" content=\"Review Tondini Law&#039;s Terms of Service outlining website use, user conduct, content rights, liability limitations, and privacy practices.\" \/>\n<meta name=\"robots\" content=\"index, follow, max-snippet:-1, max-image-preview:large, max-video-preview:-1\" \/>\n<link rel=\"canonical\" href=\"https:\/\/tondinilaw.com\/it\/condizioni-di-servizio\/\" \/>\n<meta property=\"og:locale\" content=\"it_IT\" \/>\n<meta property=\"og:type\" content=\"article\" \/>\n<meta property=\"og:title\" content=\"Terms of Service | Tondini Law | Business &amp; Immigration\" \/>\n<meta property=\"og:description\" content=\"Review Tondini Law&#039;s Terms of Service outlining website use, user conduct, content rights, liability limitations, and privacy practices.\" \/>\n<meta property=\"og:url\" content=\"https:\/\/tondinilaw.com\/it\/condizioni-di-servizio\/\" \/>\n<meta property=\"og:site_name\" content=\"Tondini Law | Business &amp; Immigration\" \/>\n<meta property=\"article:modified_time\" content=\"2024-11-18T16:09:45+00:00\" \/>\n<meta name=\"twitter:card\" content=\"summary_large_image\" \/>\n<meta name=\"twitter:label1\" content=\"Est. reading time\" \/>\n\t<meta name=\"twitter:data1\" content=\"4 minuti\" \/>\n<script type=\"application\/ld+json\" class=\"yoast-schema-graph\">{\"@context\":\"https:\/\/schema.org\",\"@graph\":[{\"@type\":\"WebPage\",\"@id\":\"https:\/\/tondinilaw.com\/terms-of-service\/\",\"url\":\"https:\/\/tondinilaw.com\/terms-of-service\/\",\"name\":\"Terms of Service | Tondini Law | Business &amp; Immigration\",\"isPartOf\":{\"@id\":\"https:\/\/tondinilaw.com\/#website\"},\"datePublished\":\"2024-08-06T15:15:45+00:00\",\"dateModified\":\"2024-11-18T16:09:45+00:00\",\"description\":\"Review Tondini Law's Terms of Service outlining website use, user conduct, content rights, liability limitations, and privacy practices.\",\"breadcrumb\":{\"@id\":\"https:\/\/tondinilaw.com\/terms-of-service\/#breadcrumb\"},\"inLanguage\":\"it-IT\",\"potentialAction\":[{\"@type\":\"ReadAction\",\"target\":[\"https:\/\/tondinilaw.com\/terms-of-service\/\"]}]},{\"@type\":\"BreadcrumbList\",\"@id\":\"https:\/\/tondinilaw.com\/terms-of-service\/#breadcrumb\",\"itemListElement\":[{\"@type\":\"ListItem\",\"position\":1,\"name\":\"Home\",\"item\":\"https:\/\/tondinilaw.com\/\"},{\"@type\":\"ListItem\",\"position\":2,\"name\":\"Terms of Service\"}]},{\"@type\":\"WebSite\",\"@id\":\"https:\/\/tondinilaw.com\/#website\",\"url\":\"https:\/\/tondinilaw.com\/\",\"name\":\"Tondini Law | Business & Immigration\",\"description\":\"Local Knowledge. Global Reach.\",\"publisher\":{\"@id\":\"https:\/\/tondinilaw.com\/#organization\"},\"alternateName\":\"Tondini Law\",\"potentialAction\":[{\"@type\":\"SearchAction\",\"target\":{\"@type\":\"EntryPoint\",\"urlTemplate\":\"https:\/\/tondinilaw.com\/?s={search_term_string}\"},\"query-input\":{\"@type\":\"PropertyValueSpecification\",\"valueRequired\":true,\"valueName\":\"search_term_string\"}}],\"inLanguage\":\"it-IT\"},{\"@type\":\"Organization\",\"@id\":\"https:\/\/tondinilaw.com\/#organization\",\"name\":\"Tondini Law | Business & Immigration\",\"url\":\"https:\/\/tondinilaw.com\/\",\"logo\":{\"@type\":\"ImageObject\",\"inLanguage\":\"it-IT\",\"@id\":\"https:\/\/tondinilaw.com\/#\/schema\/logo\/image\/\",\"url\":\"https:\/\/tondinilaw.com\/wp-content\/uploads\/2025\/10\/tondini-law-logo.svg\",\"contentUrl\":\"https:\/\/tondinilaw.com\/wp-content\/uploads\/2025\/10\/tondini-law-logo.svg\",\"width\":230,\"height\":47,\"caption\":\"Tondini Law | Business & Immigration\"},\"image\":{\"@id\":\"https:\/\/tondinilaw.com\/#\/schema\/logo\/image\/\"}}]}<\/script>\n<!-- \/ Yoast SEO plugin. -->","yoast_head_json":{"title":"Termini di servizio | Legge Tondini | Affari e immigrazione","description":"Esaminate i Termini di servizio di Tondini Law che delineano l'uso del sito web, la condotta degli utenti, i diritti sui contenuti, le limitazioni di responsabilit\u00e0 e le pratiche sulla privacy.","robots":{"index":"index","follow":"follow","max-snippet":"max-snippet:-1","max-image-preview":"max-image-preview:large","max-video-preview":"max-video-preview:-1"},"canonical":"https:\/\/tondinilaw.com\/it\/condizioni-di-servizio\/","og_locale":"it_IT","og_type":"article","og_title":"Terms of Service | Tondini Law | Business &amp; Immigration","og_description":"Review Tondini Law's Terms of Service outlining website use, user conduct, content rights, liability limitations, and privacy practices.","og_url":"https:\/\/tondinilaw.com\/it\/condizioni-di-servizio\/","og_site_name":"Tondini Law | Business &amp; Immigration","article_modified_time":"2024-11-18T16:09:45+00:00","twitter_card":"summary_large_image","twitter_misc":{"Est. reading time":"4 minuti"},"schema":{"@context":"https:\/\/schema.org","@graph":[{"@type":"WebPage","@id":"https:\/\/tondinilaw.com\/terms-of-service\/","url":"https:\/\/tondinilaw.com\/terms-of-service\/","name":"Termini di servizio | Legge Tondini | Affari e immigrazione","isPartOf":{"@id":"https:\/\/tondinilaw.com\/#website"},"datePublished":"2024-08-06T15:15:45+00:00","dateModified":"2024-11-18T16:09:45+00:00","description":"Esaminate i Termini di servizio di Tondini Law che delineano l'uso del sito web, la condotta degli utenti, i diritti sui contenuti, le limitazioni di responsabilit\u00e0 e le pratiche sulla privacy.","breadcrumb":{"@id":"https:\/\/tondinilaw.com\/terms-of-service\/#breadcrumb"},"inLanguage":"it-IT","potentialAction":[{"@type":"ReadAction","target":["https:\/\/tondinilaw.com\/terms-of-service\/"]}]},{"@type":"BreadcrumbList","@id":"https:\/\/tondinilaw.com\/terms-of-service\/#breadcrumb","itemListElement":[{"@type":"ListItem","position":1,"name":"Home","item":"https:\/\/tondinilaw.com\/"},{"@type":"ListItem","position":2,"name":"Terms of Service"}]},{"@type":"WebSite","@id":"https:\/\/tondinilaw.com\/#website","url":"https:\/\/tondinilaw.com\/","name":"Diritto Tondini | Affari e Immigrazione","description":"Conoscenza locale. Portata globale.","publisher":{"@id":"https:\/\/tondinilaw.com\/#organization"},"alternateName":"Tondini Law","potentialAction":[{"@type":"SearchAction","target":{"@type":"EntryPoint","urlTemplate":"https:\/\/tondinilaw.com\/?s={search_term_string}"},"query-input":{"@type":"PropertyValueSpecification","valueRequired":true,"valueName":"search_term_string"}}],"inLanguage":"it-IT"},{"@type":"Organization","@id":"https:\/\/tondinilaw.com\/#organization","name":"Diritto Tondini | Affari e Immigrazione","url":"https:\/\/tondinilaw.com\/","logo":{"@type":"ImageObject","inLanguage":"it-IT","@id":"https:\/\/tondinilaw.com\/#\/schema\/logo\/image\/","url":"https:\/\/tondinilaw.com\/wp-content\/uploads\/2025\/10\/tondini-law-logo.svg","contentUrl":"https:\/\/tondinilaw.com\/wp-content\/uploads\/2025\/10\/tondini-law-logo.svg","width":230,"height":47,"caption":"Tondini Law | Business & Immigration"},"image":{"@id":"https:\/\/tondinilaw.com\/#\/schema\/logo\/image\/"}}]}},"_links":{"self":[{"href":"https:\/\/tondinilaw.com\/it\/wp-json\/wp\/v2\/pages\/501","targetHints":{"allow":["GET"]}}],"collection":[{"href":"https:\/\/tondinilaw.com\/it\/wp-json\/wp\/v2\/pages"}],"about":[{"href":"https:\/\/tondinilaw.com\/it\/wp-json\/wp\/v2\/types\/page"}],"author":[{"embeddable":true,"href":"https:\/\/tondinilaw.com\/it\/wp-json\/wp\/v2\/users\/1"}],"replies":[{"embeddable":true,"href":"https:\/\/tondinilaw.com\/it\/wp-json\/wp\/v2\/comments?post=501"}],"version-history":[{"count":0,"href":"https:\/\/tondinilaw.com\/it\/wp-json\/wp\/v2\/pages\/501\/revisions"}],"wp:attachment":[{"href":"https:\/\/tondinilaw.com\/it\/wp-json\/wp\/v2\/media?parent=501"}],"curies":[{"name":"wp","href":"https:\/\/api.w.org\/{rel}","templated":true}]}}