{"id":502,"date":"2024-08-06T15:18:12","date_gmt":"2024-08-06T15:18:12","guid":{"rendered":"https:\/\/tondinilaw.com\/?page_id=502"},"modified":"2024-11-18T16:08:56","modified_gmt":"2024-11-18T16:08:56","slug":"privacy-notice","status":"publish","type":"page","link":"https:\/\/tondinilaw.com\/es\/aviso-de-privacidad\/","title":{"rendered":"Confidencialidad"},"content":{"rendered":"<p>[et_pb_section fb_built=\u201d1\u201d admin_label=\u201dSecci\u00f3n del t\u00edtulo de la p\u00e1gina\u201d _builder_version=\u201d4.16\u201d use_background_color_gradient=\u201don\u201d background_color_gradient_direction=\u201d120deg\u201d background_color_gradient_stops=\u201d#000000 0%|rgba(0,0,0,0) 100%\u201d superposici\u00f3n_de_gradiente_de_color_de_fondo_sobre_imagen=\u201dactivada\u201d inicio_de_gradiente_de_color_de_fondo=\u201d#000000\u2033 fin_de_gradiente_de_color_de_fondo=\u201drgba(0,0,0,0)\u201d imagen_de_fondo=\u201dhttps:\/\/tondinilaw.wpengine.com\/wp-content\/uploads\/2021\/08\/iStock-854518844-2000\u00d7400-1.jpg\u201d relleno_personalizado=\u201d110px||110px|\u201d informaci\u00f3n_de_colores_globales=\u201d{}\u201d][et_pb_row column_structure=\u201d1_2,1_2\u2033 admin_label=\u201d\u00c1rea del t\u00edtulo de la p\u00e1gina\u201d _builder_version=\u201d4.16\u2033 background_size=\u201dinitial\u201d background_position=\u201dtop_left\u201d background_repeat=\u201drepeat\u201d global_colors_info=\u201d{}\u201d][et_pb_column type=\u201d1_2\u2033 _builder_version=\u201d4.16\u2033 custom_padding=\u201d|||\u201d global_colors_info=\u201d{}\u201d custom_padding__hover=\u201d|||\u201d][et_pb_text admin_label=\u201dSubt\u00edtulo de la p\u00e1gina\u201d _builder_version=\u201d4.16\u201d text_font=\u201dTitillium Web||||||||\u201d text_font_size=\u201d18px\u201d text_line_height=\u201d1.8em\u201d header_font=\u201d||||||||\u201d header_2_font=\u201dTitillium Web||||||||\u201d background_layout=\u201ddark\u201d animation_style=\u201dfade\u201d global_colors_info=\u201d{}\u201d]<\/p>\n<p>Experiencia local. Alcance mundial<\/p>\n<p>[\/et_pb_text][et_pb_text admin_label=\u201dT\u00edtulo\u201d _builder_version=\u201d4.26.0\u2033 text_font=\u201d||||||||\u201d header_font=\u201dTitillium Web|600||on|||||\u201d header_font_size=\u201d60px\u201d header_line_height=\u201d1.2em\u201d header_2_font=\u201d||||||||\u201d tama\u00f1o_fuente_encabezado_2=\u201d60px\u201d dise\u00f1o_fondo=\u201doscuro\u201d margen_personalizado=\u201d||20px|\u201d relleno_personalizado=\u201d|||\u201d estilo_animaci\u00f3n=\u201ddesvanecer\u201d tama\u00f1o_fuente_encabezado_tablet=\u201d\u201d tama\u00f1o_fuente_encabezado_celular=\u201d40px\u201d tama\u00f1o_fuente_encabezado_\u00faltima_edici\u00f3n=\u201dactivado|celular\u201d informaci\u00f3n_colores_globales=\u201d{}\u201d]<\/p>\n<h1><b>Confidencialidad<\/b><\/h1>\n<p>[\/et_pb_text][\/et_pb_column][et_pb_column type=&#8221;1_2&#8243; _builder_version=&#8221;4.16&#8243; custom_padding=&#8221;|||&#8221; global_colors_info=&#8221;{}&#8221; custom_padding__hover=&#8221;|||&#8221;][\/et_pb_column][\/et_pb_row][\/et_pb_section][et_pb_section fb_built=&#8221;1&#8243; _builder_version=&#8221;4.16&#8243; _module_preset=&#8221;default&#8221; custom_padding=&#8221;||2px|||&#8221; global_colors_info=&#8221;{}&#8221;][et_pb_row _builder_version=&#8221;4.16&#8243; _module_preset=&#8221;default&#8221; global_colors_info=&#8221;{}&#8221;][et_pb_column type=&#8221;4_4&#8243; _builder_version=&#8221;4.16&#8243; _module_preset=&#8221;default&#8221; global_colors_info=&#8221;{}&#8221;][et_pb_text ul_item_indent=&#8221;55px&#8221; ol_item_indent=&#8221;55px&#8221; _builder_version=&#8221;4.26.0&#8243; _module_preset=&#8221;default&#8221; text_font=&#8221;Titillium Web||||||||&#8221; text_text_color=&#8221;#333333&#8243; text_font_size=&#8221;18px&#8221; text_line_height=&#8221;1.8em&#8221; global_colors_info=&#8221;{}&#8221;]<\/p>\n<p><span style=\"font-weight: 400;\">Este aviso de privacidad revela las pr\u00e1cticas de privacidad de (<\/span><b>www.tondinilaw.com).<\/b><span style=\"font-weight: 400;\">\u00a0Este aviso de privacidad se aplica \u00fanicamente a la informaci\u00f3n recogida por este sitio web. En \u00e9l se le notificar\u00e1 lo siguiente:<\/span><\/p>\n<ol>\n<li style=\"font-weight: 400;\" aria-level=\"1\"><span style=\"font-weight: 400;\">Qu\u00e9 informaci\u00f3n personal identificable se recopila de usted a trav\u00e9s del sitio web, c\u00f3mo se utiliza y con qui\u00e9n puede compartirse.<\/span><\/li>\n<li style=\"font-weight: 400;\" aria-level=\"1\"><span style=\"font-weight: 400;\">De qu\u00e9 opciones dispone en relaci\u00f3n con el uso de sus datos.<\/span><\/li>\n<li style=\"font-weight: 400;\" aria-level=\"1\"><span style=\"font-weight: 400;\">Los procedimientos de seguridad establecidos para protegerle contra el uso indebido de su informaci\u00f3n.<\/span><\/li>\n<li style=\"font-weight: 400;\" aria-level=\"1\"><span style=\"font-weight: 400;\">C\u00f3mo puede corregir cualquier inexactitud en la informaci\u00f3n.<\/span><\/li>\n<\/ol>\n<p><b>Recogida, uso e intercambio de informaci\u00f3n<\/b><span style=\"font-weight: 400;\"><br \/><\/span><span style=\"font-weight: 400;\">Somos los \u00fanicos propietarios de la informaci\u00f3n recogida en este sitio. S\u00f3lo tenemos acceso a la informaci\u00f3n que usted nos facilita voluntariamente por correo electr\u00f3nico u otro medio de contacto directo. No venderemos ni alquilaremos esta informaci\u00f3n a nadie.<\/span><span style=\"font-weight: 400;\"><br \/><\/span><span style=\"font-weight: 400;\"><\/span><\/p>\n<p><span style=\"font-weight: 400;\">Utilizaremos sus datos para responderle en relaci\u00f3n con el motivo por el que se puso en contacto con nosotros. No compartiremos su informaci\u00f3n con ning\u00fan tercero ajeno a nuestra organizaci\u00f3n, salvo cuando sea necesario para satisfacer su solicitud, por ejemplo, para enviar un pedido.<\/span><span style=\"font-weight: 400;\"><br \/><\/span><span style=\"font-weight: 400;\">A menos que nos pida que no lo hagamos, es posible que nos pongamos en contacto con usted por correo electr\u00f3nico en el futuro para informarle sobre ofertas especiales, nuevos productos o servicios, o cambios en esta pol\u00edtica de privacidad.<\/span><span style=\"font-weight: 400;\"><br \/><\/span><b><\/b><\/p>\n<p><b>Acceso y control de la informaci\u00f3n<\/b><span style=\"font-weight: 400;\"><br \/><\/span><span style=\"font-weight: 400;\">En cualquier momento puede darse de baja de nuestros futuros contactos. Puede hacerlo en cualquier momento poni\u00e9ndose en contacto con nosotros a trav\u00e9s de la direcci\u00f3n de correo electr\u00f3nico o el n\u00famero de tel\u00e9fono que figuran en nuestro sitio web:<\/span><\/p>\n<ul>\n<li style=\"font-weight: 400;\" aria-level=\"1\"><span style=\"font-weight: 400;\">Ver qu\u00e9 datos tenemos sobre usted, si los hay.<\/span><\/li>\n<li style=\"font-weight: 400;\" aria-level=\"1\"><span style=\"font-weight: 400;\">Modificar\/corregir cualquier dato que tengamos sobre usted.<\/span><\/li>\n<li style=\"font-weight: 400;\" aria-level=\"1\"><span style=\"font-weight: 400;\">Pedirnos que borremos los datos que tenemos sobre usted.<\/span><\/li>\n<li style=\"font-weight: 400;\" aria-level=\"1\"><span style=\"font-weight: 400;\">Expresar cualquier preocupaci\u00f3n que tenga sobre el uso que hacemos de sus datos.<\/span><\/li>\n<\/ul>\n<p><b>Seguridad<\/b><span style=\"font-weight: 400;\"><br \/><\/span><span style=\"font-weight: 400;\">Tomamos precauciones para proteger su informaci\u00f3n. Cuando env\u00eda informaci\u00f3n sensible a trav\u00e9s del sitio web, sus datos est\u00e1n protegidos tanto en l\u00ednea como fuera de l\u00ednea.<\/span><\/p>\n<p><span style=\"font-weight: 400;\">Siempre que recopilamos informaci\u00f3n sensible (como datos de tarjetas de cr\u00e9dito), esa informaci\u00f3n se cifra y se nos transmite de forma segura. Puede comprobarlo buscando el icono de un candado cerrado en la parte inferior de su navegador o buscando \"https\" al principio de la direcci\u00f3n de la p\u00e1gina web.<\/span><span style=\"font-weight: 400;\"><br \/><\/span><span style=\"font-weight: 400;\"><\/span><\/p>\n<p><span style=\"font-weight: 400;\">Aunque utilizamos el cifrado para proteger la informaci\u00f3n confidencial transmitida en l\u00ednea, tambi\u00e9n protegemos su informaci\u00f3n fuera de l\u00ednea. S\u00f3lo los empleados que necesitan la informaci\u00f3n para realizar un trabajo espec\u00edfico (por ejemplo, facturaci\u00f3n o atenci\u00f3n al cliente) tienen acceso a la informaci\u00f3n de identificaci\u00f3n personal. Los ordenadores\/servidores en los que almacenamos la informaci\u00f3n de identificaci\u00f3n personal se mantienen en un entorno seguro.<\/span><span style=\"font-weight: 400;\"><br \/><\/span><b><\/b><\/p>\n<p><b>Si cree que no estamos cumpliendo esta pol\u00edtica de privacidad, p\u00f3ngase en contacto con nosotros inmediatamente por tel\u00e9fono\u00a0<\/b><span style=\"font-weight: 400;\">760-579-2216\u00a0<\/span><b>o por correo electr\u00f3nico.<\/b><\/p>\n<p>[\/et_pb_text][\/et_pb_column][\/et_pb_row][\/et_pb_section][et_pb_section fb_built=\u201d1\u201d _builder_version=\u201d4.16\u201d _module_preset=\u201ddefault\u201d width_tablet=\u201d43%\u201d width_phone=\u201d\u201d width_last_edited=\u201don|tablet\u201d module_alignment_tablet=\u201dcenter\u201d module_alignment_phone=\u201d\u201d module_alignment_last_edited=\u201don|tablet\u201d saved_tabs=\u201dall\u201d collapsed=\u201don\u201d global_colors_info=\u201d{}\u201d global_module=\u201d273\u201d theme_builder_area=\u201dpost_content\u201d][et_pb_row column_structure=\u201d1_4,1_4,1_4,1_4\u2033 _builder_version=\u201d4.16\u2033 _module_preset=\u201ddefault\u201d width_tablet=\u201d100%\u201d width_phone=\u201d\u201d width_last_edited=\u201don|phone\u201d max_width_tablet=\u201d2560%\u201d max_width_phone=\u201d\u201d max_width_last_edited=\u201don|tablet\u201d global_colors_info=\u201d{}\u201d theme_builder_area=\u201dpost_content\u201d][et_pb_column type=\u201d1_4\u2033 _builder_version=\u201d4.16\u2033 _module_preset=\u201ddefault\u201d global_colors_info=\u201d{}\u201d theme_builder_area=\u201dpost_content\u201d][et_pb_image src=\u201dhttps:\/\/tondinilaw.com\/wp-content\/uploads\/2021\/08\/ncba.png\u201d alt=\u201dncba badge\u201d title_text=\u201dncba\u201d align=\u201dcenter\u201d _builder_version=\u201d4.27.2\u2033 _module_preset=\u201ddefault\u201d width=\u201d50%\u201d module_alignment=\u201dcenter\u201d max_height=\u201d1000px\u201d global_colors_info=\u201d{}\u201d theme_builder_area=\u201dpost_content\u201d][\/et_pb_image][\/et_pb_column][et_pb_column type=\u201d1_4\u2033 _builder_version=\u201d4.16\u2033 _module_preset=\u201ddefault\u201d global_colors_info=\u201d{}\u201d theme_builder_area=\u201dpost_content\u201d][et_pb_image src=\u201dhttps:\/\/tondinilaw.com\/wp-content\/uploads\/2024\/08\/2024-AILA-member-Tondini-Law.jpg\u201d alt=\u201d2024-AILA-miembro-Tondini-Law, imagen del \u00edcono\u201d title_text=\u201d2024-AILA-miembro-Tondini-Law\u201d alineaci\u00f3n=\u201dcentro\u201d _builder_version=\u201d4.26.0\u201d _module_preset=\u201dpredeterminado\u201d ancho=\u201d50%\u201d module_alignment=\u201dcentro\u201d max_height=\u201d1000px\u201d global_colors_info=\u201d{}\u201d theme_builder_area=\u201dpost_content\u201d][\/et_pb_image][\/et_pb_column][et_pb_column tipo=\u201d1_4\u2033 _builder_version=\u201d4.16\u2033 _module_preset=\u201ddefault\u201d global_colors_info=\u201d{}\u201d theme_builder_area=\u201dpost_content\u201d][et_pb_image src=\u201dhttps:\/\/tondinilaw.com\/wp-content\/uploads\/2021\/08\/SDCBA.png\u201d alt=\u201dColegio de Abogados del Condado de San Diego (SDCBA)\u201d title_text=\u201dSDCBA\u201d _builder_version=\u201d4.27.2\u2033 _module_preset=\u201ddefault\u201d global_colors_info=\u201d{}\u201d theme_builder_area=\u201dpost_content\u201d][\/et_pb_image][\/et_pb_column][et_pb_column type=\u201d1_4\u2033 _builder_version=\u201d4.16\u2033 _module_preset=\u201ddefault\u201d global_colors_info=\u201d{}\u201d theme_builder_area=\u201dpost_content\u201d][et_pb_image src=\u201dhttps:\/\/tondinilaw.com\/wp-content\/uploads\/2021\/11\/Lawyers-Club-Logo.png\u201d alt=\u201dLogotipo del Club de Abogados\u201d title_text=\u201dLogotipo del Club de Abogados\u201d _builder_version=\u201d4.27.2\u2033 _module_preset=\u201ddefault\u201d width=\u201d55%\u201d module_alignment=\u201dcenter\u201d global_colors_info=\u00bb{}\u00bb theme_builder_area=\u00bbpost_content\u00bb][\/et_pb_image][\/et_pb_column][\/et_pb_row][\/et_pb_section]<\/p>","protected":false},"excerpt":{"rendered":"<p>Local Expertise. Global ReachPrivacy NoticeThis privacy notice discloses the privacy practices for\u00a0(www.tondinilaw.com).\u00a0This privacy notice applies solely to information collected by this web site. It will notify you of the following: What personally identifiable information is collected from you through the web site, how it is used and with whom it may be shared. What choices [&hellip;]<\/p>","protected":false},"author":1,"featured_media":0,"parent":0,"menu_order":0,"comment_status":"closed","ping_status":"closed","template":"","meta":{"_et_pb_use_builder":"on","_et_pb_old_content":"","_et_gb_content_width":"","inline_featured_image":false,"footnotes":""},"class_list":["post-502","page","type-page","status-publish","hentry"],"yoast_head":"<!-- This site is optimized with the Yoast SEO plugin v27.4 - https:\/\/yoast.com\/product\/yoast-seo-wordpress\/ -->\n<title>Privacy Notice | Tondini Law | Business &amp; Immigration<\/title>\n<meta name=\"description\" content=\"Read Tondini Law&#039;s Privacy Notice to learn how we collect, use, and protect your information, plus your rights regarding data access and control.\" \/>\n<meta name=\"robots\" content=\"index, follow, max-snippet:-1, max-image-preview:large, max-video-preview:-1\" \/>\n<link rel=\"canonical\" href=\"https:\/\/tondinilaw.com\/es\/aviso-de-privacidad\/\" \/>\n<meta property=\"og:locale\" content=\"es_ES\" \/>\n<meta property=\"og:type\" content=\"article\" \/>\n<meta property=\"og:title\" content=\"Privacy Notice | Tondini Law | Business &amp; Immigration\" \/>\n<meta property=\"og:description\" content=\"Read Tondini Law&#039;s Privacy Notice to learn how we collect, use, and protect your information, plus your rights regarding data access and control.\" \/>\n<meta property=\"og:url\" content=\"https:\/\/tondinilaw.com\/es\/aviso-de-privacidad\/\" \/>\n<meta property=\"og:site_name\" content=\"Tondini Law | Business &amp; Immigration\" \/>\n<meta property=\"article:modified_time\" content=\"2024-11-18T16:08:56+00:00\" \/>\n<meta name=\"twitter:card\" content=\"summary_large_image\" \/>\n<meta name=\"twitter:label1\" content=\"Tiempo de lectura\" \/>\n\t<meta name=\"twitter:data1\" content=\"3 minutos\" \/>\n<script type=\"application\/ld+json\" class=\"yoast-schema-graph\">{\"@context\":\"https:\\\/\\\/schema.org\",\"@graph\":[{\"@type\":\"WebPage\",\"@id\":\"https:\\\/\\\/tondinilaw.com\\\/privacy-notice\\\/\",\"url\":\"https:\\\/\\\/tondinilaw.com\\\/privacy-notice\\\/\",\"name\":\"Privacy Notice | Tondini Law | Business &amp; Immigration\",\"isPartOf\":{\"@id\":\"https:\\\/\\\/tondinilaw.com\\\/#website\"},\"datePublished\":\"2024-08-06T15:18:12+00:00\",\"dateModified\":\"2024-11-18T16:08:56+00:00\",\"description\":\"Read Tondini Law's Privacy Notice to learn how we collect, use, and protect your information, plus your rights regarding data access and control.\",\"breadcrumb\":{\"@id\":\"https:\\\/\\\/tondinilaw.com\\\/privacy-notice\\\/#breadcrumb\"},\"inLanguage\":\"es-AR\",\"potentialAction\":[{\"@type\":\"ReadAction\",\"target\":[\"https:\\\/\\\/tondinilaw.com\\\/privacy-notice\\\/\"]}]},{\"@type\":\"BreadcrumbList\",\"@id\":\"https:\\\/\\\/tondinilaw.com\\\/privacy-notice\\\/#breadcrumb\",\"itemListElement\":[{\"@type\":\"ListItem\",\"position\":1,\"name\":\"Home\",\"item\":\"https:\\\/\\\/tondinilaw.com\\\/\"},{\"@type\":\"ListItem\",\"position\":2,\"name\":\"Privacy Notice\"}]},{\"@type\":\"WebSite\",\"@id\":\"https:\\\/\\\/tondinilaw.com\\\/#website\",\"url\":\"https:\\\/\\\/tondinilaw.com\\\/\",\"name\":\"Tondini Law | Business & Immigration\",\"description\":\"Local Knowledge. Global Reach.\",\"publisher\":{\"@id\":\"https:\\\/\\\/tondinilaw.com\\\/#organization\"},\"alternateName\":\"Tondini Law\",\"potentialAction\":[{\"@type\":\"SearchAction\",\"target\":{\"@type\":\"EntryPoint\",\"urlTemplate\":\"https:\\\/\\\/tondinilaw.com\\\/?s={search_term_string}\"},\"query-input\":{\"@type\":\"PropertyValueSpecification\",\"valueRequired\":true,\"valueName\":\"search_term_string\"}}],\"inLanguage\":\"es-AR\"},{\"@type\":\"Organization\",\"@id\":\"https:\\\/\\\/tondinilaw.com\\\/#organization\",\"name\":\"Tondini Law | Business & Immigration\",\"url\":\"https:\\\/\\\/tondinilaw.com\\\/\",\"logo\":{\"@type\":\"ImageObject\",\"inLanguage\":\"es-AR\",\"@id\":\"https:\\\/\\\/tondinilaw.com\\\/#\\\/schema\\\/logo\\\/image\\\/\",\"url\":\"https:\\\/\\\/tondinilaw.com\\\/wp-content\\\/uploads\\\/2025\\\/10\\\/tondini-law-logo.svg\",\"contentUrl\":\"https:\\\/\\\/tondinilaw.com\\\/wp-content\\\/uploads\\\/2025\\\/10\\\/tondini-law-logo.svg\",\"width\":230,\"height\":47,\"caption\":\"Tondini Law | Business & Immigration\"},\"image\":{\"@id\":\"https:\\\/\\\/tondinilaw.com\\\/#\\\/schema\\\/logo\\\/image\\\/\"}}]}<\/script>\n<!-- \/ Yoast SEO plugin. -->","yoast_head_json":{"title":"Aviso de privacidad | Tondini Law | Negocios e inmigraci\u00f3n","description":"Lea el Aviso de privacidad de Tondini Law para saber c\u00f3mo recopilamos, utilizamos y protegemos su informaci\u00f3n, adem\u00e1s de sus derechos en relaci\u00f3n con el acceso y el control de los datos.","robots":{"index":"index","follow":"follow","max-snippet":"max-snippet:-1","max-image-preview":"max-image-preview:large","max-video-preview":"max-video-preview:-1"},"canonical":"https:\/\/tondinilaw.com\/es\/aviso-de-privacidad\/","og_locale":"es_ES","og_type":"article","og_title":"Privacy Notice | Tondini Law | Business &amp; Immigration","og_description":"Read Tondini Law's Privacy Notice to learn how we collect, use, and protect your information, plus your rights regarding data access and control.","og_url":"https:\/\/tondinilaw.com\/es\/aviso-de-privacidad\/","og_site_name":"Tondini Law | Business &amp; Immigration","article_modified_time":"2024-11-18T16:08:56+00:00","twitter_card":"summary_large_image","twitter_misc":{"Tiempo de lectura":"3 minutos"},"schema":{"@context":"https:\/\/schema.org","@graph":[{"@type":"WebPage","@id":"https:\/\/tondinilaw.com\/privacy-notice\/","url":"https:\/\/tondinilaw.com\/privacy-notice\/","name":"Aviso de privacidad | Tondini Law | Negocios e inmigraci\u00f3n","isPartOf":{"@id":"https:\/\/tondinilaw.com\/#website"},"datePublished":"2024-08-06T15:18:12+00:00","dateModified":"2024-11-18T16:08:56+00:00","description":"Lea el Aviso de privacidad de Tondini Law para saber c\u00f3mo recopilamos, utilizamos y protegemos su informaci\u00f3n, adem\u00e1s de sus derechos en relaci\u00f3n con el acceso y el control de los datos.","breadcrumb":{"@id":"https:\/\/tondinilaw.com\/privacy-notice\/#breadcrumb"},"inLanguage":"es-AR","potentialAction":[{"@type":"ReadAction","target":["https:\/\/tondinilaw.com\/privacy-notice\/"]}]},{"@type":"BreadcrumbList","@id":"https:\/\/tondinilaw.com\/privacy-notice\/#breadcrumb","itemListElement":[{"@type":"ListItem","position":1,"name":"Home","item":"https:\/\/tondinilaw.com\/"},{"@type":"ListItem","position":2,"name":"Privacy Notice"}]},{"@type":"WebSite","@id":"https:\/\/tondinilaw.com\/#website","url":"https:\/\/tondinilaw.com\/","name":"Tondini Law | Negocios e Inmigraci\u00f3n","description":"Conocimiento local. Alcance global.\ufeff","publisher":{"@id":"https:\/\/tondinilaw.com\/#organization"},"alternateName":"Tondini Law","potentialAction":[{"@type":"SearchAction","target":{"@type":"EntryPoint","urlTemplate":"https:\/\/tondinilaw.com\/?s={search_term_string}"},"query-input":{"@type":"PropertyValueSpecification","valueRequired":true,"valueName":"search_term_string"}}],"inLanguage":"es-AR"},{"@type":"Organization","@id":"https:\/\/tondinilaw.com\/#organization","name":"Tondini Law | Negocios e Inmigraci\u00f3n","url":"https:\/\/tondinilaw.com\/","logo":{"@type":"ImageObject","inLanguage":"es-AR","@id":"https:\/\/tondinilaw.com\/#\/schema\/logo\/image\/","url":"https:\/\/tondinilaw.com\/wp-content\/uploads\/2025\/10\/tondini-law-logo.svg","contentUrl":"https:\/\/tondinilaw.com\/wp-content\/uploads\/2025\/10\/tondini-law-logo.svg","width":230,"height":47,"caption":"Tondini Law | Business & Immigration"},"image":{"@id":"https:\/\/tondinilaw.com\/#\/schema\/logo\/image\/"}}]}},"_links":{"self":[{"href":"https:\/\/tondinilaw.com\/es\/wp-json\/wp\/v2\/pages\/502","targetHints":{"allow":["GET"]}}],"collection":[{"href":"https:\/\/tondinilaw.com\/es\/wp-json\/wp\/v2\/pages"}],"about":[{"href":"https:\/\/tondinilaw.com\/es\/wp-json\/wp\/v2\/types\/page"}],"author":[{"embeddable":true,"href":"https:\/\/tondinilaw.com\/es\/wp-json\/wp\/v2\/users\/1"}],"replies":[{"embeddable":true,"href":"https:\/\/tondinilaw.com\/es\/wp-json\/wp\/v2\/comments?post=502"}],"version-history":[{"count":0,"href":"https:\/\/tondinilaw.com\/es\/wp-json\/wp\/v2\/pages\/502\/revisions"}],"wp:attachment":[{"href":"https:\/\/tondinilaw.com\/es\/wp-json\/wp\/v2\/media?parent=502"}],"curies":[{"name":"wp","href":"https:\/\/api.w.org\/{rel}","templated":true}]}}