{"id":501,"date":"2024-08-06T15:15:45","date_gmt":"2024-08-06T15:15:45","guid":{"rendered":"https:\/\/tondinilaw.com\/?page_id=501"},"modified":"2024-11-18T16:09:45","modified_gmt":"2024-11-18T16:09:45","slug":"terms-of-service","status":"publish","type":"page","link":"https:\/\/tondinilaw.com\/es\/condiciones-del-servicio\/","title":{"rendered":"Condiciones de uso"},"content":{"rendered":"<p>[et_pb_section fb_built=\u201d1\u201d admin_label=\u201dSecci\u00f3n del t\u00edtulo de la p\u00e1gina\u201d _builder_version=\u201d4.16\u201d use_background_color_gradient=\u201don\u201d background_color_gradient_direction=\u201d120deg\u201d background_color_gradient_stops=\u201d#000000 0%|rgba(0,0,0,0) 100%\u201d superposici\u00f3n_de_gradiente_de_color_de_fondo_sobre_imagen=\u201dactivada\u201d inicio_de_gradiente_de_color_de_fondo=\u201d#000000\u2033 fin_de_gradiente_de_color_de_fondo=\u201drgba(0,0,0,0)\u201d imagen_de_fondo=\u201dhttps:\/\/tondinilaw.wpengine.com\/wp-content\/uploads\/2021\/08\/iStock-854518844-2000\u00d7400-1.jpg\u201d relleno_personalizado=\u201d110px||110px|\u201d informaci\u00f3n_de_colores_globales=\u201d{}\u201d][et_pb_row column_structure=\u201d1_2,1_2\u2033 admin_label=\u201d\u00c1rea del t\u00edtulo de la p\u00e1gina\u201d _builder_version=\u201d4.16\u2033 background_size=\u201dinitial\u201d background_position=\u201dtop_left\u201d background_repeat=\u201drepeat\u201d global_colors_info=\u201d{}\u201d][et_pb_column type=\u201d1_2\u2033 _builder_version=\u201d4.16\u2033 custom_padding=\u201d|||\u201d global_colors_info=\u201d{}\u201d custom_padding__hover=\u201d|||\u201d][et_pb_text admin_label=\u201dSubt\u00edtulo de la p\u00e1gina\u201d _builder_version=\u201d4.16\u201d text_font=\u201dTitillium Web||||||||\u201d text_font_size=\u201d18px\u201d text_line_height=\u201d1.8em\u201d header_font=\u201d||||||||\u201d header_2_font=\u201dTitillium Web||||||||\u201d background_layout=\u201ddark\u201d animation_style=\u201dfade\u201d global_colors_info=\u201d{}\u201d]<\/p>\n<p>Experiencia local. Alcance mundial<\/p>\n<p>[\/et_pb_text][et_pb_text admin_label=\u201dT\u00edtulo\u201d _builder_version=\u201d4.26.0\u2033 text_font=\u201d||||||||\u201d header_font=\u201dTitillium Web|600||on|||||\u201d header_font_size=\u201d60px\u201d header_line_height=\u201d1.2em\u201d header_2_font=\u201d||||||||\u201d tama\u00f1o_fuente_encabezado_2=\u201d60px\u201d dise\u00f1o_fondo=\u201doscuro\u201d margen_personalizado=\u201d||20px|\u201d relleno_personalizado=\u201d|||\u201d estilo_animaci\u00f3n=\u201ddesvanecer\u201d tama\u00f1o_fuente_encabezado_tablet=\u201d\u201d tama\u00f1o_fuente_encabezado_celular=\u201d40px\u201d tama\u00f1o_fuente_encabezado_\u00faltima_edici\u00f3n=\u201dactivado|celular\u201d informaci\u00f3n_colores_globales=\u201d{}\u201d]<\/p>\n<h1>Condiciones de uso<\/h1>\n<p>[\/et_pb_text][\/et_pb_column][et_pb_column type=\u201d1_2\u2033 _builder_version=\u201d4.16\u2033 custom_padding=\u201d|||\u201d global_colors_info=\u201d{}\u201d custom_padding__hover=\u201d|||\u201d][\/et_pb_column][\/et_pb_row][\/et_pb_section][et_pb_section fb_built=\u201d1\u2033 _builder_version=\u201d4.16\u2033 _module_preset=\u201ddefault\u201d custom_padding=\u201d||2px|||\u201d global_colors_info=\u201d{}\u201d][et_pb_row _builder_version=\u201d4.16\u201d _module_preset=\u201ddefault\u201d global_colors_info=\u201d{}\u201d][et_pb_column type=\u201d4_4\u201d _builder_version=\u201d4.16\u201d _module_preset=\u201ddefault\u201d global_colors_info=\u201d{}\u201d][et_pb_text _builder_version=\u201d4.27.2\u201d _module_preset=\u201ddefault\u201d text_font=\u201dTitillium Web||||||||\u201d text_text_color=\u201d#333333\u201d text_font_size=\u201d18px\" text_line_height=\"1.8em\" global_colors_info=\"{}\"]<\/p>\n<ol>\n<li><b> Aceptaci\u00f3n de las condiciones<\/b><\/li>\n<\/ol>\n<p><span style=\"font-weight: 400;\">Bienvenido a <a href=\"https:\/\/tondinilaw.com\/\">Tondinilaw.com<\/a>. Al acceder o utilizar nuestro sitio web, usted acepta cumplir y quedar vinculado por estas Condiciones de servicio y nuestra Pol\u00edtica de privacidad. Si no est\u00e1 de acuerdo con estas condiciones, no utilice nuestro sitio web.<\/span><\/p>\n<ol start=\"2\">\n<li><b> Descripci\u00f3n del servicio<\/b><\/li>\n<\/ol>\n<p><span style=\"font-weight: 400;\">Tondinilaw.com ofrece <\/span><a href=\"https:\/\/tondinilaw.com\/about-the-firm\/\"><span style=\"font-weight: 400;\">servicios jur\u00eddicos<\/span><\/a><span style=\"font-weight: 400;\">. Nos reservamos el derecho a modificar o interrumpir, temporal o permanentemente, los servicios con o sin previo aviso.<\/span><\/p>\n<ol start=\"3\">\n<li><b> Registro y cuenta<\/b><\/li>\n<\/ol>\n<p><span style=\"font-weight: 400;\">Para acceder a determinadas funciones de nuestro sitio web, es posible que deba registrarse y crear una cuenta. Usted se compromete a proporcionar informaci\u00f3n exacta, actual y completa durante el proceso de registro y a actualizar dicha informaci\u00f3n para mantenerla exacta, actual y completa. Usted es responsable de salvaguardar su contrase\u00f1a y de todas las actividades que ocurran bajo su cuenta.<\/span><\/p>\n<ol start=\"4\">\n<li><b> Conducta del usuario<\/b><\/li>\n<\/ol>\n<p><span style=\"font-weight: 400;\">Usted se compromete a no utilizar el sitio web con fines il\u00edcitos o de cualquier forma que pueda da\u00f1ar, inutilizar, sobrecargar o deteriorar el sitio web. Tambi\u00e9n se compromete a no interferir en el uso y disfrute del sitio web o de los servicios por parte de terceros.<\/span><\/p>\n<ol start=\"5\">\n<li><b> Propiedad y uso de los contenidos<\/b><\/li>\n<\/ol>\n<p><span style=\"font-weight: 400;\">Todo el contenido de este sitio web, incluyendo texto, gr\u00e1ficos, logotipos, im\u00e1genes y software, es propiedad de Tondini Law o de sus proveedores de contenido y est\u00e1 protegido por derechos de autor y otras leyes de propiedad intelectual. Usted no puede modificar, reproducir, distribuir, crear trabajos derivados, mostrar p\u00fablicamente, ejecutar p\u00fablicamente, o de cualquier manera explotar cualquiera de los contenidos, en su totalidad o en parte, salvo lo expresamente autorizado en estas Condiciones del servicio o con el consentimiento previo por escrito de Tondini Law.<\/span><\/p>\n<ol start=\"6\">\n<li><b> Contenidos generados por los usuarios<\/b><\/li>\n<\/ol>\n<p><span style=\"font-weight: 400;\">Al enviar contenidos a www.tondinilaw.com, nos concede una licencia mundial, no exclusiva y libre de regal\u00edas para utilizar, reproducir, modificar, publicar y distribuir dichos contenidos con cualquier fin. Usted declara y garantiza que dispone de los derechos necesarios para conceder esta licencia y que su contenido no infringe los derechos de terceros.<\/span><\/p>\n<ol start=\"7\">\n<li><b> Privacidad<\/b><\/li>\n<\/ol>\n<p><span style=\"font-weight: 400;\">El uso de nuestro sitio web tambi\u00e9n se rige por nuestra Pol\u00edtica de privacidad, que puede consultarse en www.tondinilaw.com. Consulte nuestra Pol\u00edtica de privacidad para conocer nuestras pr\u00e1cticas en materia de recogida y uso de sus datos personales.<\/span><\/p>\n<ol start=\"8\">\n<li><b> Exclusi\u00f3n de garant\u00edas<\/b><\/li>\n<\/ol>\n<p><span style=\"font-weight: 400;\">El sitio web y los servicios se proporcionan \"tal cual\" y \"seg\u00fan disponibilidad\", sin garant\u00edas de ning\u00fan tipo, ni expresas ni impl\u00edcitas, incluidas, entre otras, las garant\u00edas impl\u00edcitas de comerciabilidad, idoneidad para un fin determinado y no infracci\u00f3n. <\/span><a href=\"https:\/\/tondinilaw.com\/\"><span style=\"font-weight: 400;\">www.tondinilaw.com<\/span><\/a><span style=\"font-weight: 400;\"> no garantiza que el sitio web sea ininterrumpido, seguro o est\u00e9 libre de errores, ni que se corrija cualquier defecto.<\/span><\/p>\n<ol start=\"9\">\n<li><b> Limitaci\u00f3n de responsabilidad<\/b><\/li>\n<\/ol>\n<p><span style=\"font-weight: 400;\">En ning\u00fan caso tondinilaw.com ser\u00e1 responsable de ning\u00fan da\u00f1o directo, indirecto, incidental, especial, consecuente o punitivo que surja de o en conexi\u00f3n con su uso del sitio web o servicios, incluso si tondinilaw.com ha sido advertido de la posibilidad de tales da\u00f1os.<\/span><\/p>\n<ol start=\"10\">\n<li><b> Indemnizaci\u00f3n<\/b><\/li>\n<\/ol>\n<p><span style=\"font-weight: 400;\">Usted se compromete a indemnizar, defender y mantener indemne tondinilaw.com, sus afiliados, funcionarios, directores, empleados, agentes y licenciantes de y contra cualquier reclamo, responsabilidades, da\u00f1os, p\u00e9rdidas y gastos, incluyendo honorarios razonables de abogados, que surjan de o en cualquier forma relacionada con su acceso o uso del sitio web o los servicios.<\/span><\/p>\n<ol start=\"11\">\n<li><b> Derecho aplicable<\/b><\/li>\n<\/ol>\n<p><span style=\"font-weight: 400;\">Estas Condiciones del servicio se regir\u00e1n e interpretar\u00e1n de conformidad con las leyes del Estado de California, Condado de San Diego, sin tener en cuenta su conflicto de principios legales. Usted acepta someterse a la jurisdicci\u00f3n exclusiva de los tribunales ubicados en el Estado de California, Condado de San Diego para resolver cualquier disputa que surja de o en relaci\u00f3n con estos T\u00e9rminos de Servicio o el sitio web.<\/span><\/p>\n<ol start=\"12\">\n<li><b> Cambios en las condiciones de servicio<\/b><\/li>\n<\/ol>\n<p><span style=\"font-weight: 400;\">Nos reservamos el derecho a modificar estas Condiciones del servicio en cualquier momento. Si realizamos cambios, publicaremos los t\u00e9rminos revisados en esta p\u00e1gina y actualizaremos la fecha de \"\u00daltima actualizaci\u00f3n\". Su uso continuado del sitio web despu\u00e9s de dichos cambios constituye su aceptaci\u00f3n de las nuevas Condiciones del servicio.<\/span><\/p>\n<ol start=\"13\">\n<li><b> Informaci\u00f3n de contacto<\/b><\/li>\n<\/ol>\n<p><span style=\"font-weight: 400;\">Si tiene alguna pregunta sobre estas Condiciones de servicio, p\u00f3ngase en contacto con nosotros en el 760-579-2216.<\/span><\/p>\n<p><b>\u00daltima actualizaci\u00f3n:<\/b><span style=\"font-weight: 400;\"> 2 de agosto de 2024<\/span><\/p>\n<p><span style=\"font-weight: 400;\">Al utilizar este sitio web, usted reconoce que ha le\u00eddo, comprendido y aceptado las presentes Condiciones de servicio.<\/span><\/p>\n<p>[\/et_pb_text][\/et_pb_column][\/et_pb_row][\/et_pb_section][et_pb_section fb_built=\u201d1\u201d _builder_version=\u201d4.16\u201d _module_preset=\u201ddefault\u201d width_tablet=\u201d43%\u201d width_phone=\u201d\u201d width_last_edited=\u201don|tablet\u201d module_alignment_tablet=\u201dcenter\u201d module_alignment_phone=\u201d\u201d module_alignment_last_edited=\u201don|tablet\u201d saved_tabs=\u201dall\u201d collapsed=\u201don\u201d global_colors_info=\u201d{}\u201d global_module=\u201d273\u201d theme_builder_area=\u201dpost_content\u201d][et_pb_row column_structure=\u201d1_4,1_4,1_4,1_4\u2033 _builder_version=\u201d4.16\u2033 _module_preset=\u201ddefault\u201d width_tablet=\u201d100%\u201d width_phone=\u201d\u201d width_last_edited=\u201don|phone\u201d max_width_tablet=\u201d2560%\u201d max_width_phone=\u201d\u201d max_width_last_edited=\u201don|tablet\u201d global_colors_info=\u201d{}\u201d theme_builder_area=\u201dpost_content\u201d][et_pb_column type=\u201d1_4\u2033 _builder_version=\u201d4.16\u2033 _module_preset=\u201ddefault\u201d global_colors_info=\u201d{}\u201d theme_builder_area=\u201dpost_content\u201d][et_pb_image src=\u201dhttps:\/\/tondinilaw.com\/wp-content\/uploads\/2021\/08\/ncba.png\u201d alt=\u201dncba badge\u201d title_text=\u201dncba\u201d align=\u201dcenter\u201d _builder_version=\u201d4.27.2\u2033 _module_preset=\u201ddefault\u201d width=\u201d50%\u201d module_alignment=\u201dcenter\u201d max_height=\u201d1000px\u201d global_colors_info=\u201d{}\u201d theme_builder_area=\u201dpost_content\u201d][\/et_pb_image][\/et_pb_column][et_pb_column type=\u201d1_4\u2033 _builder_version=\u201d4.16\u2033 _module_preset=\u201ddefault\u201d global_colors_info=\u201d{}\u201d theme_builder_area=\u201dpost_content\u201d][et_pb_image src=\u201dhttps:\/\/tondinilaw.com\/wp-content\/uploads\/2024\/08\/2024-AILA-member-Tondini-Law.jpg\u201d alt=\u201d2024-AILA-miembro-Tondini-Law, imagen del \u00edcono\u201d title_text=\u201d2024-AILA-miembro-Tondini-Law\u201d alineaci\u00f3n=\u201dcentro\u201d _builder_version=\u201d4.26.0\u201d _module_preset=\u201dpredeterminado\u201d ancho=\u201d50%\u201d module_alignment=\u201dcentro\u201d max_height=\u201d1000px\u201d global_colors_info=\u201d{}\u201d theme_builder_area=\u201dpost_content\u201d][\/et_pb_image][\/et_pb_column][et_pb_column tipo=\u201d1_4\u2033 _builder_version=\u201d4.16\u2033 _module_preset=\u201ddefault\u201d global_colors_info=\u201d{}\u201d theme_builder_area=\u201dpost_content\u201d][et_pb_image src=\u201dhttps:\/\/tondinilaw.com\/wp-content\/uploads\/2021\/08\/SDCBA.png\u201d alt=\u201dColegio de Abogados del Condado de San Diego (SDCBA)\u201d title_text=\u201dSDCBA\u201d _builder_version=\u201d4.27.2\u2033 _module_preset=\u201ddefault\u201d global_colors_info=\u201d{}\u201d theme_builder_area=\u201dpost_content\u201d][\/et_pb_image][\/et_pb_column][et_pb_column type=\u201d1_4\u2033 _builder_version=\u201d4.16\u2033 _module_preset=\u201ddefault\u201d global_colors_info=\u201d{}\u201d theme_builder_area=\u201dpost_content\u201d][et_pb_image src=\u201dhttps:\/\/tondinilaw.com\/wp-content\/uploads\/2021\/11\/Lawyers-Club-Logo.png\u201d alt=\u201dLogotipo del Club de Abogados\u201d title_text=\u201dLogotipo del Club de Abogados\u201d _builder_version=\u201d4.27.2\u2033 _module_preset=\u201ddefault\u201d width=\u201d55%\u201d module_alignment=\u201dcenter\u201d global_colors_info=\u00bb{}\u00bb theme_builder_area=\u00bbpost_content\u00bb][\/et_pb_image][\/et_pb_column][\/et_pb_row][\/et_pb_section]<\/p>","protected":false},"excerpt":{"rendered":"<p>Experiencia local. Alcance global. T\u00e9rminos del servicio. Aceptaci\u00f3n de los t\u00e9rminos. Bienvenido a Tondinilaw.com. Al acceder o utilizar nuestro sitio web, usted acepta cumplir y estar sujeto a estos T\u00e9rminos del servicio y a nuestra Pol\u00edtica de privacidad. Si no est\u00e1 de acuerdo con estos t\u00e9rminos, le rogamos que no utilice nuestro sitio web. Descripci\u00f3n del servicio. Tondinilaw.com proporciona servicios legales [\u2026]<\/p>","protected":false},"author":1,"featured_media":0,"parent":0,"menu_order":0,"comment_status":"closed","ping_status":"closed","template":"","meta":{"_et_pb_use_builder":"on","_et_pb_old_content":"","_et_gb_content_width":"","inline_featured_image":false,"footnotes":""},"class_list":["post-501","page","type-page","status-publish","hentry"],"yoast_head":"<!-- This site is optimized with the Yoast SEO plugin v27.4 - https:\/\/yoast.com\/product\/yoast-seo-wordpress\/ -->\n<title>Terms of Service | Tondini Law | Business &amp; Immigration<\/title>\n<meta name=\"description\" content=\"Review Tondini Law&#039;s Terms of Service outlining website use, user conduct, content rights, liability limitations, and privacy practices.\" \/>\n<meta name=\"robots\" content=\"index, follow, max-snippet:-1, max-image-preview:large, max-video-preview:-1\" \/>\n<link rel=\"canonical\" href=\"https:\/\/tondinilaw.com\/es\/condiciones-del-servicio\/\" \/>\n<meta property=\"og:locale\" content=\"es_ES\" \/>\n<meta property=\"og:type\" content=\"article\" \/>\n<meta property=\"og:title\" content=\"Terms of Service | Tondini Law | Business &amp; Immigration\" \/>\n<meta property=\"og:description\" content=\"Review Tondini Law&#039;s Terms of Service outlining website use, user conduct, content rights, liability limitations, and privacy practices.\" \/>\n<meta property=\"og:url\" content=\"https:\/\/tondinilaw.com\/es\/condiciones-del-servicio\/\" \/>\n<meta property=\"og:site_name\" content=\"Tondini Law | Business &amp; Immigration\" \/>\n<meta property=\"article:modified_time\" content=\"2024-11-18T16:09:45+00:00\" \/>\n<meta name=\"twitter:card\" content=\"summary_large_image\" \/>\n<meta name=\"twitter:label1\" content=\"Tiempo de lectura\" \/>\n\t<meta name=\"twitter:data1\" content=\"4 minutos\" \/>\n<script type=\"application\/ld+json\" class=\"yoast-schema-graph\">{\"@context\":\"https:\\\/\\\/schema.org\",\"@graph\":[{\"@type\":\"WebPage\",\"@id\":\"https:\\\/\\\/tondinilaw.com\\\/terms-of-service\\\/\",\"url\":\"https:\\\/\\\/tondinilaw.com\\\/terms-of-service\\\/\",\"name\":\"Terms of Service | Tondini Law | Business &amp; Immigration\",\"isPartOf\":{\"@id\":\"https:\\\/\\\/tondinilaw.com\\\/#website\"},\"datePublished\":\"2024-08-06T15:15:45+00:00\",\"dateModified\":\"2024-11-18T16:09:45+00:00\",\"description\":\"Review Tondini Law's Terms of Service outlining website use, user conduct, content rights, liability limitations, and privacy practices.\",\"breadcrumb\":{\"@id\":\"https:\\\/\\\/tondinilaw.com\\\/terms-of-service\\\/#breadcrumb\"},\"inLanguage\":\"es-AR\",\"potentialAction\":[{\"@type\":\"ReadAction\",\"target\":[\"https:\\\/\\\/tondinilaw.com\\\/terms-of-service\\\/\"]}]},{\"@type\":\"BreadcrumbList\",\"@id\":\"https:\\\/\\\/tondinilaw.com\\\/terms-of-service\\\/#breadcrumb\",\"itemListElement\":[{\"@type\":\"ListItem\",\"position\":1,\"name\":\"Home\",\"item\":\"https:\\\/\\\/tondinilaw.com\\\/\"},{\"@type\":\"ListItem\",\"position\":2,\"name\":\"Terms of Service\"}]},{\"@type\":\"WebSite\",\"@id\":\"https:\\\/\\\/tondinilaw.com\\\/#website\",\"url\":\"https:\\\/\\\/tondinilaw.com\\\/\",\"name\":\"Tondini Law | Business & Immigration\",\"description\":\"Local Knowledge. Global Reach.\",\"publisher\":{\"@id\":\"https:\\\/\\\/tondinilaw.com\\\/#organization\"},\"alternateName\":\"Tondini Law\",\"potentialAction\":[{\"@type\":\"SearchAction\",\"target\":{\"@type\":\"EntryPoint\",\"urlTemplate\":\"https:\\\/\\\/tondinilaw.com\\\/?s={search_term_string}\"},\"query-input\":{\"@type\":\"PropertyValueSpecification\",\"valueRequired\":true,\"valueName\":\"search_term_string\"}}],\"inLanguage\":\"es-AR\"},{\"@type\":\"Organization\",\"@id\":\"https:\\\/\\\/tondinilaw.com\\\/#organization\",\"name\":\"Tondini Law | Business & Immigration\",\"url\":\"https:\\\/\\\/tondinilaw.com\\\/\",\"logo\":{\"@type\":\"ImageObject\",\"inLanguage\":\"es-AR\",\"@id\":\"https:\\\/\\\/tondinilaw.com\\\/#\\\/schema\\\/logo\\\/image\\\/\",\"url\":\"https:\\\/\\\/tondinilaw.com\\\/wp-content\\\/uploads\\\/2025\\\/10\\\/tondini-law-logo.svg\",\"contentUrl\":\"https:\\\/\\\/tondinilaw.com\\\/wp-content\\\/uploads\\\/2025\\\/10\\\/tondini-law-logo.svg\",\"width\":230,\"height\":47,\"caption\":\"Tondini Law | Business & Immigration\"},\"image\":{\"@id\":\"https:\\\/\\\/tondinilaw.com\\\/#\\\/schema\\\/logo\\\/image\\\/\"}}]}<\/script>\n<!-- \/ Yoast SEO plugin. -->","yoast_head_json":{"title":"T\u00e9rminos del servicio | Tondini Law | Negocios e inmigraci\u00f3n","description":"Revise los T\u00e9rminos de servicio de Tondini Law, que describen el uso del sitio web, la conducta del usuario, los derechos sobre el contenido, las limitaciones de responsabilidad y las pr\u00e1cticas de privacidad.","robots":{"index":"index","follow":"follow","max-snippet":"max-snippet:-1","max-image-preview":"max-image-preview:large","max-video-preview":"max-video-preview:-1"},"canonical":"https:\/\/tondinilaw.com\/es\/condiciones-del-servicio\/","og_locale":"es_ES","og_type":"article","og_title":"Terms of Service | Tondini Law | Business &amp; Immigration","og_description":"Review Tondini Law's Terms of Service outlining website use, user conduct, content rights, liability limitations, and privacy practices.","og_url":"https:\/\/tondinilaw.com\/es\/condiciones-del-servicio\/","og_site_name":"Tondini Law | Business &amp; Immigration","article_modified_time":"2024-11-18T16:09:45+00:00","twitter_card":"summary_large_image","twitter_misc":{"Tiempo de lectura":"4 minutos"},"schema":{"@context":"https:\/\/schema.org","@graph":[{"@type":"WebPage","@id":"https:\/\/tondinilaw.com\/terms-of-service\/","url":"https:\/\/tondinilaw.com\/terms-of-service\/","name":"T\u00e9rminos del servicio | Tondini Law | Negocios e inmigraci\u00f3n","isPartOf":{"@id":"https:\/\/tondinilaw.com\/#website"},"datePublished":"2024-08-06T15:15:45+00:00","dateModified":"2024-11-18T16:09:45+00:00","description":"Revise los T\u00e9rminos de servicio de Tondini Law, que describen el uso del sitio web, la conducta del usuario, los derechos sobre el contenido, las limitaciones de responsabilidad y las pr\u00e1cticas de privacidad.","breadcrumb":{"@id":"https:\/\/tondinilaw.com\/terms-of-service\/#breadcrumb"},"inLanguage":"es-AR","potentialAction":[{"@type":"ReadAction","target":["https:\/\/tondinilaw.com\/terms-of-service\/"]}]},{"@type":"BreadcrumbList","@id":"https:\/\/tondinilaw.com\/terms-of-service\/#breadcrumb","itemListElement":[{"@type":"ListItem","position":1,"name":"Home","item":"https:\/\/tondinilaw.com\/"},{"@type":"ListItem","position":2,"name":"Terms of Service"}]},{"@type":"WebSite","@id":"https:\/\/tondinilaw.com\/#website","url":"https:\/\/tondinilaw.com\/","name":"Tondini Law | Negocios e Inmigraci\u00f3n","description":"Conocimiento local. Alcance global.\ufeff","publisher":{"@id":"https:\/\/tondinilaw.com\/#organization"},"alternateName":"Tondini Law","potentialAction":[{"@type":"SearchAction","target":{"@type":"EntryPoint","urlTemplate":"https:\/\/tondinilaw.com\/?s={search_term_string}"},"query-input":{"@type":"PropertyValueSpecification","valueRequired":true,"valueName":"search_term_string"}}],"inLanguage":"es-AR"},{"@type":"Organization","@id":"https:\/\/tondinilaw.com\/#organization","name":"Tondini Law | Negocios e Inmigraci\u00f3n","url":"https:\/\/tondinilaw.com\/","logo":{"@type":"ImageObject","inLanguage":"es-AR","@id":"https:\/\/tondinilaw.com\/#\/schema\/logo\/image\/","url":"https:\/\/tondinilaw.com\/wp-content\/uploads\/2025\/10\/tondini-law-logo.svg","contentUrl":"https:\/\/tondinilaw.com\/wp-content\/uploads\/2025\/10\/tondini-law-logo.svg","width":230,"height":47,"caption":"Tondini Law | Business & Immigration"},"image":{"@id":"https:\/\/tondinilaw.com\/#\/schema\/logo\/image\/"}}]}},"_links":{"self":[{"href":"https:\/\/tondinilaw.com\/es\/wp-json\/wp\/v2\/pages\/501","targetHints":{"allow":["GET"]}}],"collection":[{"href":"https:\/\/tondinilaw.com\/es\/wp-json\/wp\/v2\/pages"}],"about":[{"href":"https:\/\/tondinilaw.com\/es\/wp-json\/wp\/v2\/types\/page"}],"author":[{"embeddable":true,"href":"https:\/\/tondinilaw.com\/es\/wp-json\/wp\/v2\/users\/1"}],"replies":[{"embeddable":true,"href":"https:\/\/tondinilaw.com\/es\/wp-json\/wp\/v2\/comments?post=501"}],"version-history":[{"count":0,"href":"https:\/\/tondinilaw.com\/es\/wp-json\/wp\/v2\/pages\/501\/revisions"}],"wp:attachment":[{"href":"https:\/\/tondinilaw.com\/es\/wp-json\/wp\/v2\/media?parent=501"}],"curies":[{"name":"wp","href":"https:\/\/api.w.org\/{rel}","templated":true}]}}