{"id":285,"date":"2022-02-16T17:01:15","date_gmt":"2022-02-16T17:01:15","guid":{"rendered":"https:\/\/tondinilaw.com\/?page_id=285"},"modified":"2025-09-18T16:44:08","modified_gmt":"2025-09-18T16:44:08","slug":"client-resources","status":"publish","type":"page","link":"https:\/\/tondinilaw.com\/es\/recursos-para-clientes\/","title":{"rendered":"Recursos para clientes"},"content":{"rendered":"<p>[et_pb_section fb_built=\u201d1\u201d admin_label=\u201dSecci\u00f3n del t\u00edtulo de la p\u00e1gina\u201d _builder_version=\u201d4.16\u201d use_background_color_gradient=\u201don\u201d background_color_gradient_direction=\u201d120deg\u201d background_color_gradient_stops=\u201drgba(0,0,0,0.49) 0%|rgba(0,0,0,0) 100%\u201d superposici\u00f3n_de_gradiente_de_color_de_fondo_sobre_imagen=\u201dactivada\u201d inicio_de_gradiente_de_color_de_fondo=\u201drgba(0,0,0,0.49)\u201d color_degradado_fondo_final=\u201drgba(0,0,0,0)\u201d imagen_fondo=\u201dhttps:\/\/tondinilaw.com\/wp-content\/uploads\/2021\/08\/iStock-854518844-2000\u00d7400-1.jpg\u201d margen_personalizado=\u201d0px||-1px||false|false\u201d relleno_personalizado=\u201d120px||110px||false|false\u201d informaci\u00f3n_colores_globales=\u201d{}\u201d][et_pb_row column_structure=\u201d1_2,1_2\u201d admin_label=\u201d\u00c1rea del t\u00edtulo de la p\u00e1gina\u201d _builder_version=\u201d4.16\u201d background_size=\u201dinitial\u201d background_position=\u201dtop_left\u201d background_repeat=\u201drepeat\u201d global_colors_info=\u201d{}\u201d][et_pb_column type=\u201d1_2\u2033 _builder_version=\u201d4.16\u2033 custom_padding=\u201d|||\u201d global_colors_info=\u201d{}\u201d custom_padding__hover=\u201d|||\u201d][et_pb_text admin_label=\u201dSubt\u00edtulo de la p\u00e1gina\u201d _builder_version=\u201d4.16\u201d text_font=\u201dTitillium Web||||||||\u201d text_font_size=\u201d18px\u201d text_line_height=\u201d1.8em\u201d header_font=\u201d||||||||\u201d header_2_font=\u201dTitillium Web||||||||\u201d background_layout=\u201ddark\u201d animation_style=\u201dfade\u201d global_colors_info=\u201d{}\u201d]<\/p>\n<p>Experiencia local. Alcance mundial<\/p>\n<p>[\/et_pb_text][et_pb_text admin_label=\u201dT\u00edtulo\u201d _builder_version=\u201d4.16\u2033 text_font=\u201d||||||||\u201d header_font=\u201dTitillium Web|600|||||||\u201d header_font_size=\u201d60px\u201d header_line_height=\u201d1.2em\u201d header_2_font=\u201d||||||||\u201d tama\u00f1o_fuente_encabezado_2=\u201d60px\u201d dise\u00f1o_fondo=\u201doscuro\u201d ancho=\u201d102%\u201d margen_personalizado=\u201d||20px|\u201d relleno_personalizado=\u201d|||\u201d estilo_animaci\u00f3n=\u201ddesvanecer\u201d tama\u00f1o_fuente_encabezado_tablet=\u201d\u201d tama\u00f1o_fuente_encabezado_celular=\u201d40px\u201d tama\u00f1o_fuente_encabezado_\u00faltima_edici\u00f3n=\u201dactivado|celular\u201d informaci\u00f3n_colores_globales=\u201d{}\u201d]<\/p>\n<h1>RECURSOS PARA CLIENTES<\/h1>\n<p>[\/et_pb_text][\/et_pb_column][et_pb_column type=\u201d1_2\u2033 _builder_version=\u201d4.16\u2033 custom_padding=\u201d|||\u201d global_colors_info=\u201d{}\u201d custom_padding__hover=\u201d|||\u201d][\/et_pb_column][\/et_pb_row][\/et_pb_section][et_pb_section fb_built=\u201d1\u2033 _builder_version=\u201d4.16\u2033 _module_preset=\u201ddefault\u201d custom_padding=\u201d0px||2px||false|false\u201d global_colors_info=\u201d{}\u201d][et_pb_row column_structure=\u201d1_2,1_2\u2033 use_custom_gutter=\u201don\u201d gutter_width=\u201d1\u2033 make_equal=\u201don\u201d padding_top_bottom_link_1=\u201dtrue\u201d padding_top_bottom_link_2=\u201dtrue\u201d padding_top_bottom_link_3=\u201dtrue\u201d padding_left_right_link_1=\u201dtrue\u201d padding_left_right_link_2=\u201dverdadero\u201d padding_left_right_link_3=\u201dverdadero\u201d module_class=\u201d et_pb_row_fullwidth\u201d _builder_version=\u201d4.16\u2033 width=\u201d100%\u201d width_tablet=\u201d100%\u201d width_phone=\u201d\u201d width_last_edited=\u201don|desktop\u201d max_width=\u201d100%\u201d max_width_tablet=\u201d100%\u201d max_width_phone=\u201d\u201d ancho_m\u00e1ximo_\u00faltima_edici\u00f3n=\u201dactivado|escritorio\u201d relleno_personalizado=\u201d0|0px|0px|0px|falso|falso\u201d ancho_total=\u201dactivado\u201d informaci\u00f3n_colores_globales=\u201d{}\u201d][et_pb_column type=\u201d1_2\u201d _builder_version=\u201d4.16\u201d background_color=\u201d#fcfcfc\u201d custom_padding=\u201d80px|4%|80px|4%\u201d custom_padding_tablet=\u201d|10%||10%||verdadero\u201d relleno_personalizado_tel\u00e9fono=\u201d\u201d custom_padding_last_edited=\u201don|tablet\u201d global_colors_info=\u201d{}\u201d padding_tablet=\u201d|10%||10%||true\u201d padding_last_edited=\u201don|tablet\u201d custom_padding__hover=\u201d|||\u201d padding_phone=\u201d|10%||10%||true\u201d][et_pb_image src=\u201dhttps:\/\/tondinilaw.com\/wp-content\/uploads\/2023\/05\/MyCase_Lockup_300x150.png\u201d alt=\u201dLawLogix, portal de clientes de Silvina Tondini, imagen del logotipo de LawLogix\u201d title_text=\u201dMyCase_Lockup_300x150\u2033 alineaci\u00f3n=\u201dcentro\u201d alineaci\u00f3n_tablet=\u201dcentro\u201d alineaci\u00f3n_celular=\u201d\u201d alineaci\u00f3n_\u00faltima_edici\u00f3n=\u201dactivada|escritorio\u201d _builder_version=\u201d4.20.0\u2033 margen_personalizado=\u201d||20px|\u201d estilo_animaci\u00f3n=\u201ddesvanecimiento\u201d informaci\u00f3n_colores_globales=\u201d{}\u201d][\/et_pb_image][et_pb_cta title=\u201dACCESO DE INICIO DE SESI\u00d3N DEL CLIENTE\u201d button_url=\u201dhttps:\/\/tondini-law-apc1.mycase.com\/\u201d url_new_window=\u201don\u201d button_text=\u201dINICIAR SESI\u00d3N\u201d _builder_version=\u201d4.27.4\u2033 header_font=\u201dTitillium Web|600|||||||\u201d header_line_height=\u201d1.5em\u201d body_font=\u201dTitillium Web||||||||\u201d body_font_size=\u201d16px\u201d body_line_height=\u201d2em\u201d use_background_color=\u201doff\u201d custom_button=\u201don\u201d button_text_size=\u201d14px\u201d button_text_color=\u201d#FFFFFF\u201d button_bg_color=\u201d#7C6F4A\u201d button_border_width=\u201d14px\u201d button_border_color=\u201drgba(0,0,0,0)\u201d button_border_radius=\u201d0px\u201d button_letter_spacing=\u201d2px\u201d button_font=\u201dMontserrat|||on|||||\u201d background_layout=\u201dlight\u201d estilo_sombra_bot\u00f3n = \u201dpreset3\u201d color_sombra_bot\u00f3n = \u201drgba(0,0,0,0.25)\u201d espaciado_letras_bot\u00f3n_hover = \u201d2px\u201d informaci\u00f3n_colores_globales = \u201d{}\u201d button_text_size__hover_enabled=\u201doff\u201d button_one_text_size__hover_enabled=\u201doff\u201d button_two_text_size__hover_enabled=\u201doff\u201d button_text_color__hover_enabled=\u201doff\u201d button_one_text_color__hover_enabled=\u201doff\u201d button_two_text_color__hover_enabled=\u201doff\u201d button_border_width__hover_enabled=\u201doff\u201d button_one_border_width__hover_enabled=\u201doff\u201d button_two_border_width__hover_enabled=\u201doff\u201d button_border_color__hover_enabled=\u201doff\u201d button_one_border_color__hover_enabled=\u201doff\u201d button_two_border_color__hover_enabled=\u201doff\u201d button_border_radius__hover_enabled=\u201doff\u201d button_one_border_radius__hover_enabled=\u201doff\u201d button_two_border_radius__hover_enabled=\u201doff\u201d button_letter_spacing__hover_enabled=\u201don\u201d button_letter_spacing__hover=\u201d2px\u201d button_one_letter_spacing__hover_enabled=\u201doff\u201d button_two_letter_spacing__hover_enabled=\u201doff\u201d button_bg_color__hover_enabled=\u201doff\u201d button_one_bg_color__hover_enabled=\u201doff\u201d button_two_bg_color__hover_enabled=\u201doff\u201d]<\/p>\n<p>Este sitio web interactivo proporciona a nuestros clientes informaci\u00f3n valiosa sobre su proceso y le facilita la preparaci\u00f3n de la informaci\u00f3n necesaria para que podamos presentar su solicitud.<\/p>\n<p>[\/et_pb_cta][\/et_pb_column][et_pb_column type=\u201d1_2\u2033 _builder_version=\u201d4.16\u2033 background_color=\u201d#013D49\u2033 custom_padding=\u201d80px|4%|80px|4%\u201d custom_padding_tablet=\u201d|10%||10%||verdadero\u201d relleno_personalizado_tel\u00e9fono=\u201d\u201d custom_padding_last_edited=\u201don|tablet\u201d global_colors_info=\u201d{}\u201d padding_tablet=\u201d|10%||10%||true\u201d padding_last_edited=\u201don|tablet\u201d custom_padding__hover=\u201d|||\u201d padding_phone=\u201d|10%||10%||true\u201d][et_pb_image src=\u201dhttps:\/\/tondinilaw.com\/wp-content\/uploads\/2022\/02\/Lawpay-logo.png\u201d alt=\u201dLawpay, Tondini Silvina, Imagen del logotipo de Lawpay\u201d title_text=\u201dLawpay-logo\u201d align=\u201dcenter\u201d align_tablet=\u201dcenter\u201d align_phone=\u201d\u201d align_last_edited=\u201don|desktop\u201d _builder_version=\u201d4.27.4\u2033 custom_margin=\u201d||20px|\u201d animation_style=\u201dfade\u201d hover_enabled=\u201d0\u2033 global_colors_info=\u201d{}\u201d sticky_enabled=\u201d0\u2033][\/et_pb_image][et_pb_cta title=\u201dACCESO AL PORTAL DE PAGOS\u201d button_url=\u201dhttps:\/\/secure.lawpay.com\/pages\/tondinilaw\/operatingsurcharge\u201d url_new_window=\u201don\u201d button_text=\u201dINICIAR SESI\u00d3N\u201d _builder_version=\u201d4.27.4\u2033 header_font=\u201dTitillium Web|600|||||||\u201d header_text_color=\u201d#FFFFFF\u201d header_line_height=\u201d1.5em\u201d body_font=\u201dTitillium Web||||||||\u201d body_text_color=\u201d#FFFFFF\u201d body_font_size=\u201d16px\u201d altura de l\u00ednea del cuerpo = \u201d2em\u201d usar color de fondo = \u201ddesactivado\u201d bot\u00f3n personalizado = \u201dactivado\u201d tama\u00f1o del texto del bot\u00f3n = \u201d14px\u201d color del texto del bot\u00f3n = \u201d#FFFFFF\u201d color de fondo del bot\u00f3n = \u201d#7C6F4A\u201d ancho del borde del bot\u00f3n = \u201d14px\u201d color del borde del bot\u00f3n = \u201drgba(0,0,0,0)\u201d radio_del_borde_del_bot\u00f3n=\u201d0px\u201d espaciado_entre_letras_del_bot\u00f3n=\u201d2px\u201d fuente_del_bot\u00f3n=\u201dMontserrat|||activado|||||\u201d dise\u00f1o_del_fondo=\u201dclaro\u201d habilitado_al_pasar_el_cursor=\u201d0\u2033 estilo_de_sombra_del_bot\u00f3n=\u201dpreset3\u2033 color_de_sombra_del_bot\u00f3n=\u201drgba(0,0,0,0.25)\u201d button_letter_spacing_hover=\u201d2px\u201d global_colors_info=\u201d{}\u201d button_text_size__hover_enabled=\u201doff\u201d button_one_text_size__hover_enabled=\u201doff\u201d button_two_text_size__hover_enabled=\u201doff\u201d button_text_color__hover_enabled=\u201doff\u201d button_one_text_color__hover_enabled=\u201doff\u201d button_two_text_color__hover_enabled=\u201doff\u201d button_border_width__hover_enabled=\u201doff\u201d button_one_border_width__hover_enabled=\u201doff\u201d button_two_border_width__hover_enabled=\u201doff\u201d button_border_color__hover_enabled=\u201doff\u201d button_one_border_color__hover_enabled=\u201doff\u201d color_del_borde_del_bot\u00f3n_dos__hover_habilitado=\u201dapagado\u201d radio_del_borde_del_bot\u00f3n__hover_habilitado=\u201dapagado\u201d radio_del_borde_del_bot\u00f3n_uno__hover_habilitado=\u201dapagado\u201d radio_del_borde_del_bot\u00f3n_dos__hover_habilitado=\u201dapagado\u201d espaciado_entre_letras_del_bot\u00f3n__hover_habilitado=\u201dactivado\u201d espaciado_entre_letras_del_bot\u00f3n__hover=\u201d2px\u201d button_one_letter_spacing__hover_enabled=\u201doff\u201d button_two_letter_spacing__hover_enabled=\u201doff\u201d button_bg_color__hover_enabled=\u201doff\u201d button_one_bg_color__hover_enabled=\u201doff\u201d button_two_bg_color__hover_enabled=\u201doff\u201d sticky_enabled=\u201d0\u2033]<\/p>\n<p>LawPay le permite procesar pagos de forma segura.<\/p>\n<p>&nbsp;<\/p>\n<p>[\/et_pb_cta][\/et_pb_column][\/et_pb_row][\/et_pb_section][et_pb_section fb_built=\u201d1\u201d _builder_version=\u201d4.9.10\u201d _module_preset=\u201ddefault\u201d width_tablet=\u201d43%\u201d width_phone=\u201d\u201d width_last_edited=\u201don|tablet\u201d module_alignment_tablet=\u201dcenter\u201d module_alignment_phone=\u201d\u201d module_alignment_last_edited=\u201don|tablet\u201d global_module=\u201d273\u2033 saved_tabs=\u201dall\u201d collapsed=\u201don\u201d global_colors_info=\u201d{}\u201d][et_pb_row column_structure=\u201d1_5,1_5,1_5,1_5,1_5\u2033 _builder_version=\u201d4.27.4\u2033 _module_preset=\u201ddefault\u201d width=\u201d100%\u201d width_tablet=\u201d100%\u201d width_phone=\u201d\u201d width_last_edited=\u201don|phone\u201d max_width=\u201d1500px\u201d max_width_tablet=\u201d2560%\u201d max_width_phone=\u201d\u201d max_width_last_edited=\u201don|tablet\u201d global_colors_info=\u201d{}\u201d][et_pb_column type=\u201d1_5\u201d _builder_version=\u201d4.16\u201d _module_preset=\u201ddefault\u201d global_colors_info=\u201d{}\u201d][et_pb_image src=\u201dhttps:\/\/tondinilaw.com\/wp-content\/uploads\/2021\/08\/ncba.png\u201d alt=\u201dncba badge\u201d title_text=\u201dncba\u201d align=\u201dcenter\u201d _builder_version=\u201d4.27.2\u2033 _module_preset=\u201ddefault\u201d width=\u201d50%\u201d module_alignment=\u201dcenter\u201d max_height=\u201d1000px\u201d global_colors_info=\u201d{}\u201d][\/et_pb_image][\/et_pb_column][et_pb_column type=\u201d1_5\u201d _builder_version=\u201d4.16\u201d _module_preset=\u201ddefault\u201d global_colors_info=\u201d{}\u201d][et_pb_image src=\u201dhttps:\/\/tondinilaw.com\/wp-content\/uploads\/2024\/08\/2024-AILA-member-Tondini-Law.jpg\u201d alt=\u201d2024-AILA-miembro-Tondini-Law, imagen del \u00edcono\u201d title_text=\u201d2024-AILA-miembro-Tondini-Law\u201d alineaci\u00f3n=\u201dcentro\u201d _builder_version=\u201d4.26.0\u2033 _module_preset=\u201dpredeterminado\u201d ancho=\u201d50%\u201d module_alignment=\u201dcentro\u201d max_height=\u201d1000px\u201d global_colors_info=\u201d{}\u201d][\/et_pb_image][\/et_pb_column][et_pb_column tipo=\u201d1_5\u2033 _builder_version=\u201d4.16\u2033 _module_preset=\u201ddefault\u201d global_colors_info=\u201d{}\u201d][et_pb_image src=\u201dhttps:\/\/tondinilaw.com\/wp-content\/uploads\/2021\/08\/SDCBA.png\u201d alt=\u201dSDCBA Colegio de Abogados del Condado de San Diego\u201d title_text=\u201dSDCBA\u201d _builder_version=\u201d4.27.2\u2033 _module_preset=\u201ddefault\u201d global_colors_info=\u201d{}\u201d][\/et_pb_image][\/et_pb_column][et_pb_column type=\u201d1_5\u2033 _builder_version=\u201d4.16\u2033 _module_preset=\u201ddefault\u201d global_colors_info=\u201d{}\u201d][et_pb_image src=\u201dhttps:\/\/tondinilaw.com\/wp-content\/uploads\/2021\/11\/Lawyers-Club-Logo.png\u201d alt=\u201dLogotipo del Club de Abogados\u201d title_text=\u201dLogotipo del Club de Abogados\u201d _builder_version=\u201d4.27.2\u2033 _module_preset=\u201ddefault\u201d width=\u201d55%\u201d module_alignment=\u201dcenter\u201d global_colors_info=\u201d{}\u201d][\/et_pb_image][\/et_pb_column][et_pb_column type=\u201d1_5\u2033 _builder_version=\u201d4.16\u2033 _module_preset=\u201ddefault\u201d global_colors_info=\u201d{}\u201d][et_pb_image src=\u201dhttps:\/\/tondinilaw.com\/wp-content\/uploads\/2025\/03\/federal-bar-association-logo.png\u201d alt=\u201dlogotipo de la asociaci\u00f3n federal de abogados\u201d title_text=\u201dlogotipo de la asociaci\u00f3n federal de abogados\u201d _builder_version=\u00bb4.27.4\u2033 _module_preset=\u00bbdefault\u00bb global_colors_info=\u00bb{}\u00bb][\/et_pb_image][\/et_pb_column][\/et_pb_row][\/et_pb_section]<\/p>","protected":false},"excerpt":{"rendered":"<p>Experiencia local. Alcance global. RECURSOS PARA CLIENTES Este sitio web interactivo proporciona a nuestros clientes informaci\u00f3n valiosa sobre su proceso y les facilita la preparaci\u00f3n de la informaci\u00f3n necesaria para que podamos presentar su solicitud. LawPay le permite procesar pagos de forma segura. &nbsp;<\/p>","protected":false},"author":1,"featured_media":261,"parent":0,"menu_order":0,"comment_status":"closed","ping_status":"closed","template":"","meta":{"_et_pb_use_builder":"on","_et_pb_old_content":"","_et_gb_content_width":"","footnotes":""},"class_list":["post-285","page","type-page","status-publish","has-post-thumbnail","hentry"],"yoast_head":"<!-- This site is optimized with the Yoast SEO plugin v27.4 - https:\/\/yoast.com\/product\/yoast-seo-wordpress\/ -->\n<title>Client Resources | California Business Attorney | San Diego, CA<\/title>\n<meta name=\"description\" content=\"We partner with our clients to provide the legal experience and insight needed to keep pace with an ever-changing global marketplace.\" \/>\n<meta name=\"robots\" content=\"index, follow, max-snippet:-1, max-image-preview:large, max-video-preview:-1\" \/>\n<link rel=\"canonical\" href=\"https:\/\/tondinilaw.com\/es\/recursos-para-clientes\/\" \/>\n<meta property=\"og:locale\" content=\"es_ES\" \/>\n<meta property=\"og:type\" content=\"article\" \/>\n<meta property=\"og:title\" content=\"Client Resources | California Business Attorney | San Diego, CA\" \/>\n<meta property=\"og:description\" content=\"We partner with our clients to provide the legal experience and insight needed to keep pace with an ever-changing global marketplace.\" \/>\n<meta property=\"og:url\" content=\"https:\/\/tondinilaw.com\/es\/recursos-para-clientes\/\" \/>\n<meta property=\"og:site_name\" content=\"Tondini Law | Business &amp; Immigration\" \/>\n<meta property=\"article:modified_time\" content=\"2025-09-18T16:44:08+00:00\" \/>\n<meta property=\"og:image\" content=\"https:\/\/tondinilaw.com\/wp-content\/uploads\/2021\/10\/cropped-tondini-law-favicon.png\" \/>\n\t<meta property=\"og:image:width\" content=\"512\" \/>\n\t<meta property=\"og:image:height\" content=\"512\" \/>\n\t<meta property=\"og:image:type\" content=\"image\/png\" \/>\n<meta name=\"twitter:card\" content=\"summary_large_image\" \/>\n<meta name=\"twitter:label1\" content=\"Tiempo de lectura\" \/>\n\t<meta name=\"twitter:data1\" content=\"2 minutos\" \/>\n<script type=\"application\/ld+json\" class=\"yoast-schema-graph\">{\"@context\":\"https:\\\/\\\/schema.org\",\"@graph\":[{\"@type\":\"WebPage\",\"@id\":\"https:\\\/\\\/tondinilaw.com\\\/client-resources\\\/\",\"url\":\"https:\\\/\\\/tondinilaw.com\\\/client-resources\\\/\",\"name\":\"Client Resources | California Business Attorney | San Diego, CA\",\"isPartOf\":{\"@id\":\"https:\\\/\\\/tondinilaw.com\\\/#website\"},\"primaryImageOfPage\":{\"@id\":\"https:\\\/\\\/tondinilaw.com\\\/client-resources\\\/#primaryimage\"},\"image\":{\"@id\":\"https:\\\/\\\/tondinilaw.com\\\/client-resources\\\/#primaryimage\"},\"thumbnailUrl\":\"https:\\\/\\\/tondinilaw.com\\\/wp-content\\\/uploads\\\/2021\\\/10\\\/cropped-tondini-law-favicon.png\",\"datePublished\":\"2022-02-16T17:01:15+00:00\",\"dateModified\":\"2025-09-18T16:44:08+00:00\",\"description\":\"We partner with our clients to provide the legal experience and insight needed to keep pace with an ever-changing global marketplace.\",\"breadcrumb\":{\"@id\":\"https:\\\/\\\/tondinilaw.com\\\/client-resources\\\/#breadcrumb\"},\"inLanguage\":\"es-AR\",\"potentialAction\":[{\"@type\":\"ReadAction\",\"target\":[\"https:\\\/\\\/tondinilaw.com\\\/client-resources\\\/\"]}]},{\"@type\":\"ImageObject\",\"inLanguage\":\"es-AR\",\"@id\":\"https:\\\/\\\/tondinilaw.com\\\/client-resources\\\/#primaryimage\",\"url\":\"https:\\\/\\\/tondinilaw.com\\\/wp-content\\\/uploads\\\/2021\\\/10\\\/cropped-tondini-law-favicon.png\",\"contentUrl\":\"https:\\\/\\\/tondinilaw.com\\\/wp-content\\\/uploads\\\/2021\\\/10\\\/cropped-tondini-law-favicon.png\",\"width\":512,\"height\":512,\"caption\":\"Tondini Law, immigration and business law, image of logo\"},{\"@type\":\"BreadcrumbList\",\"@id\":\"https:\\\/\\\/tondinilaw.com\\\/client-resources\\\/#breadcrumb\",\"itemListElement\":[{\"@type\":\"ListItem\",\"position\":1,\"name\":\"Home\",\"item\":\"https:\\\/\\\/tondinilaw.com\\\/\"},{\"@type\":\"ListItem\",\"position\":2,\"name\":\"Client Resources\"}]},{\"@type\":\"WebSite\",\"@id\":\"https:\\\/\\\/tondinilaw.com\\\/#website\",\"url\":\"https:\\\/\\\/tondinilaw.com\\\/\",\"name\":\"Tondini Law | Business & Immigration\",\"description\":\"Local Knowledge. Global Reach.\",\"publisher\":{\"@id\":\"https:\\\/\\\/tondinilaw.com\\\/#organization\"},\"alternateName\":\"Tondini Law\",\"potentialAction\":[{\"@type\":\"SearchAction\",\"target\":{\"@type\":\"EntryPoint\",\"urlTemplate\":\"https:\\\/\\\/tondinilaw.com\\\/?s={search_term_string}\"},\"query-input\":{\"@type\":\"PropertyValueSpecification\",\"valueRequired\":true,\"valueName\":\"search_term_string\"}}],\"inLanguage\":\"es-AR\"},{\"@type\":\"Organization\",\"@id\":\"https:\\\/\\\/tondinilaw.com\\\/#organization\",\"name\":\"Tondini Law | Business & Immigration\",\"url\":\"https:\\\/\\\/tondinilaw.com\\\/\",\"logo\":{\"@type\":\"ImageObject\",\"inLanguage\":\"es-AR\",\"@id\":\"https:\\\/\\\/tondinilaw.com\\\/#\\\/schema\\\/logo\\\/image\\\/\",\"url\":\"https:\\\/\\\/tondinilaw.com\\\/wp-content\\\/uploads\\\/2025\\\/10\\\/tondini-law-logo.svg\",\"contentUrl\":\"https:\\\/\\\/tondinilaw.com\\\/wp-content\\\/uploads\\\/2025\\\/10\\\/tondini-law-logo.svg\",\"width\":230,\"height\":47,\"caption\":\"Tondini Law | Business & Immigration\"},\"image\":{\"@id\":\"https:\\\/\\\/tondinilaw.com\\\/#\\\/schema\\\/logo\\\/image\\\/\"}}]}<\/script>\n<!-- \/ Yoast SEO plugin. -->","yoast_head_json":{"title":"Recursos para Clientes | Abogado de Negocios en California | San Diego, CA","description":"Colaboramos con nuestros clientes para proporcionarles la experiencia y los conocimientos jur\u00eddicos necesarios para seguir el ritmo de un mercado global en constante cambio.","robots":{"index":"index","follow":"follow","max-snippet":"max-snippet:-1","max-image-preview":"max-image-preview:large","max-video-preview":"max-video-preview:-1"},"canonical":"https:\/\/tondinilaw.com\/es\/recursos-para-clientes\/","og_locale":"es_ES","og_type":"article","og_title":"Client Resources | California Business Attorney | San Diego, CA","og_description":"We partner with our clients to provide the legal experience and insight needed to keep pace with an ever-changing global marketplace.","og_url":"https:\/\/tondinilaw.com\/es\/recursos-para-clientes\/","og_site_name":"Tondini Law | Business &amp; Immigration","article_modified_time":"2025-09-18T16:44:08+00:00","og_image":[{"width":512,"height":512,"url":"https:\/\/tondinilaw.com\/wp-content\/uploads\/2021\/10\/cropped-tondini-law-favicon.png","type":"image\/png"}],"twitter_card":"summary_large_image","twitter_misc":{"Tiempo de lectura":"2 minutos"},"schema":{"@context":"https:\/\/schema.org","@graph":[{"@type":"WebPage","@id":"https:\/\/tondinilaw.com\/client-resources\/","url":"https:\/\/tondinilaw.com\/client-resources\/","name":"Recursos para Clientes | Abogado de Negocios en California | San Diego, CA","isPartOf":{"@id":"https:\/\/tondinilaw.com\/#website"},"primaryImageOfPage":{"@id":"https:\/\/tondinilaw.com\/client-resources\/#primaryimage"},"image":{"@id":"https:\/\/tondinilaw.com\/client-resources\/#primaryimage"},"thumbnailUrl":"https:\/\/tondinilaw.com\/wp-content\/uploads\/2021\/10\/cropped-tondini-law-favicon.png","datePublished":"2022-02-16T17:01:15+00:00","dateModified":"2025-09-18T16:44:08+00:00","description":"Colaboramos con nuestros clientes para proporcionarles la experiencia y los conocimientos jur\u00eddicos necesarios para seguir el ritmo de un mercado global en constante cambio.","breadcrumb":{"@id":"https:\/\/tondinilaw.com\/client-resources\/#breadcrumb"},"inLanguage":"es-AR","potentialAction":[{"@type":"ReadAction","target":["https:\/\/tondinilaw.com\/client-resources\/"]}]},{"@type":"ImageObject","inLanguage":"es-AR","@id":"https:\/\/tondinilaw.com\/client-resources\/#primaryimage","url":"https:\/\/tondinilaw.com\/wp-content\/uploads\/2021\/10\/cropped-tondini-law-favicon.png","contentUrl":"https:\/\/tondinilaw.com\/wp-content\/uploads\/2021\/10\/cropped-tondini-law-favicon.png","width":512,"height":512,"caption":"Tondini Law, immigration and business law, image of logo"},{"@type":"BreadcrumbList","@id":"https:\/\/tondinilaw.com\/client-resources\/#breadcrumb","itemListElement":[{"@type":"ListItem","position":1,"name":"Home","item":"https:\/\/tondinilaw.com\/"},{"@type":"ListItem","position":2,"name":"Client Resources"}]},{"@type":"WebSite","@id":"https:\/\/tondinilaw.com\/#website","url":"https:\/\/tondinilaw.com\/","name":"Tondini Law | Negocios e Inmigraci\u00f3n","description":"Conocimiento local. Alcance global.\ufeff","publisher":{"@id":"https:\/\/tondinilaw.com\/#organization"},"alternateName":"Tondini Law","potentialAction":[{"@type":"SearchAction","target":{"@type":"EntryPoint","urlTemplate":"https:\/\/tondinilaw.com\/?s={search_term_string}"},"query-input":{"@type":"PropertyValueSpecification","valueRequired":true,"valueName":"search_term_string"}}],"inLanguage":"es-AR"},{"@type":"Organization","@id":"https:\/\/tondinilaw.com\/#organization","name":"Tondini Law | Negocios e Inmigraci\u00f3n","url":"https:\/\/tondinilaw.com\/","logo":{"@type":"ImageObject","inLanguage":"es-AR","@id":"https:\/\/tondinilaw.com\/#\/schema\/logo\/image\/","url":"https:\/\/tondinilaw.com\/wp-content\/uploads\/2025\/10\/tondini-law-logo.svg","contentUrl":"https:\/\/tondinilaw.com\/wp-content\/uploads\/2025\/10\/tondini-law-logo.svg","width":230,"height":47,"caption":"Tondini Law | Business & Immigration"},"image":{"@id":"https:\/\/tondinilaw.com\/#\/schema\/logo\/image\/"}}]}},"_links":{"self":[{"href":"https:\/\/tondinilaw.com\/es\/wp-json\/wp\/v2\/pages\/285","targetHints":{"allow":["GET"]}}],"collection":[{"href":"https:\/\/tondinilaw.com\/es\/wp-json\/wp\/v2\/pages"}],"about":[{"href":"https:\/\/tondinilaw.com\/es\/wp-json\/wp\/v2\/types\/page"}],"author":[{"embeddable":true,"href":"https:\/\/tondinilaw.com\/es\/wp-json\/wp\/v2\/users\/1"}],"replies":[{"embeddable":true,"href":"https:\/\/tondinilaw.com\/es\/wp-json\/wp\/v2\/comments?post=285"}],"version-history":[{"count":0,"href":"https:\/\/tondinilaw.com\/es\/wp-json\/wp\/v2\/pages\/285\/revisions"}],"wp:featuredmedia":[{"embeddable":true,"href":"https:\/\/tondinilaw.com\/es\/wp-json\/wp\/v2\/media\/261"}],"wp:attachment":[{"href":"https:\/\/tondinilaw.com\/es\/wp-json\/wp\/v2\/media?parent=285"}],"curies":[{"name":"wp","href":"https:\/\/api.w.org\/{rel}","templated":true}]}}