{"id":203,"date":"2021-09-22T23:27:59","date_gmt":"2021-09-22T23:27:59","guid":{"rendered":"https:\/\/tondinilaw.wpengine.com\/?page_id=203"},"modified":"2025-12-22T13:20:35","modified_gmt":"2025-12-22T21:20:35","slug":"disclaimer","status":"publish","type":"page","link":"https:\/\/tondinilaw.com\/es\/descargo-de-responsabilidad\/","title":{"rendered":"Descargo de responsabilidad"},"content":{"rendered":"[et_pb_section fb_built=\u201d1\u201d admin_label=\u201dSecci\u00f3n del t\u00edtulo de la p\u00e1gina\u201d _builder_version=\u201d4.16\u201d use_background_color_gradient=\u201don\u201d background_color_gradient_direction=\u201d120deg\u201d background_color_gradient_stops=\u201d#000000 0%|rgba(0,0,0,0) 100%\u201d superposici\u00f3n_de_gradiente_de_color_de_fondo_sobre_imagen=\u201dactivada\u201d inicio_de_gradiente_de_color_de_fondo=\u201d#000000\u2033 fin_de_gradiente_de_color_de_fondo=\u201drgba(0,0,0,0)\u201d imagen_de_fondo=\u201dhttps:\/\/tondinilaw.wpengine.com\/wp-content\/uploads\/2021\/08\/iStock-854518844-2000\u00d7400-1.jpg\u201d relleno_personalizado=\u201d110px||110px|\u201d informaci\u00f3n_de_colores_globales=\u201d{}\u201d][et_pb_row column_structure=\u201d1_2,1_2\u2033 admin_label=\u201d\u00c1rea del t\u00edtulo de la p\u00e1gina\u201d _builder_version=\u201d4.16\u2033 background_size=\u201dinitial\u201d background_position=\u201dtop_left\u201d background_repeat=\u201drepeat\u201d global_colors_info=\u201d{}\u201d][et_pb_column type=\u201d1_2\u2033 _builder_version=\u201d4.16\u2033 custom_padding=\u201d|||\u201d global_colors_info=\u201d{}\u201d custom_padding__hover=\u201d|||\u201d][et_pb_text admin_label=\u201dSubt\u00edtulo de la p\u00e1gina\u201d _builder_version=\u201d4.16\u201d text_font=\u201dTitillium Web||||||||\u201d text_font_size=\u201d18px\u201d text_line_height=\u201d1.8em\u201d header_font=\u201d||||||||\u201d header_2_font=\u201dTitillium Web||||||||\u201d background_layout=\u201ddark\u201d animation_style=\u201dfade\u201d global_colors_info=\u201d{}\u201d]<p>Experiencia local. Alcance mundial<\/p>[\/et_pb_text][et_pb_text admin_label=\u201dTitle\u201d _builder_version=\u201d4.16\u2033 text_font=\u201d||||||||\u201d header_font=\u201dTitillium Web|600|||||||\u201d header_font_size=\u201d60px\u201d header_line_height=\u201d1.2em\u201d header_2_font=\u201d||||||||\u201d header_2_font_size=\u201d60px\u201d background_layout=\u201ddark\u201d custom_margin=\u201d||20px|\u201d custom_padding=\u201d|||\u201d animation_style=\u201dfade\u201d header_font_size_tablet=\u201d\u201d header_font_size_phone=\u201d40px\u201d header_font_size_last_edited=\u201don|phone\u201d global_colors_info=\u201d{}\u201d]<h1>AVISO LEGAL<\/h1>[\/et_pb_text][\/et_pb_column][et_pb_column type=\u201d1_2\u2033 _builder_version=\u201d4.16\u2033 custom_padding=\u201d|||\u201d global_colors_info=\u201d{}\u201d custom_padding__hover=\u201d|||\u201d][\/et_pb_column][\/et_pb_row][\/et_pb_section][et_pb_section fb_built=\u201d1\u2033 _builder_version=\u201d4.16\u2033 _module_preset=\u201ddefault\u201d custom_padding=\u201d||2px|||\u201d global_colors_info=\u201d{}\u201d][et_pb_row _builder_version=\u201d4.16\u2033 _module_preset=\u201ddefault\u201d global_colors_info=\u201d{}\u201d][et_pb_column type=\u201d4_4\u2033 _builder_version=\u201d4.16\u2033 _module_preset=\u201ddefault\u201d global_colors_info=\u201d{}\u201d][et_pb_text _builder_version=\u201d4.16\u2033 _module_preset=\u201ddefault\u201d text_font=\u201dTitillium Web||||||||\u201d text_text_color=\u201d#333333\u2033 text_font_size=\u201d18px\u201d text_line_height=\u201d1.8em\u201d text_orientation=\u201dcenter\u201d global_colors_info=\u201d{}\u201d]<p style=\"text-align: left;\">Tondini Law APC sitio web est\u00e1 destinado \u00fanicamente con fines informativos. Nada en el sitio debe ser considerado como la prestaci\u00f3n de asesoramiento jur\u00eddico o la creaci\u00f3n de una relaci\u00f3n abogado-cliente entre el lector y Tondini Law APC. Los lectores son responsables de obtener asesoramiento legal de su propio abogado. Ning\u00fan lector debe actuar o abstenerse de actuar sobre la base de cualquier informaci\u00f3n contenida en el sitio web Tondini Law APC sin buscar asesoramiento jur\u00eddico adecuado sobre los hechos y circunstancias particulares en cuesti\u00f3n. Tondini Law APC no ofrece ninguna garant\u00eda en relaci\u00f3n con este sitio web, su exactitud e integridad de la informaci\u00f3n que contiene, ni ofrece ninguna garant\u00eda en relaci\u00f3n con otros sitios web a los que este sitio web est\u00e1 vinculado o se refiere.<\/p>[\/et_pb_text][\/et_pb_column][\/et_pb_row][\/et_pb_section][et_pb_section fb_built=\u201d1\u201d _builder_version=\u201d4.16\u201d _module_preset=\u201ddefault\u201d width_tablet=\u201d43%\u201d width_phone=\u201d\u201d width_last_edited=\u201don|tablet\u201d module_alignment_tablet=\u201dcenter\u201d module_alignment_phone=\u201d\u201d module_alignment_last_edited=\u201don|tablet\u201d saved_tabs=\u201dall\u201d collapsed=\u201don\u201d global_colors_info=\u201d{}\u201d global_module=\u201d273\u201d theme_builder_area=\u201dpost_content\u201d][et_pb_row column_structure=\u201d1_4,1_4,1_4,1_4\u2033 _builder_version=\u201d4.16\u2033 _module_preset=\u201ddefault\u201d width_tablet=\u201d100%\u201d width_phone=\u201d\u201d width_last_edited=\u201don|phone\u201d max_width_tablet=\u201d2560%\u201d max_width_phone=\u201d\u201d max_width_last_edited=\u201don|tablet\u201d global_colors_info=\u201d{}\u201d theme_builder_area=\u201dpost_content\u201d][et_pb_column type=\u201d1_4\u2033 _builder_version=\u201d4.16\u2033 _module_preset=\u201ddefault\u201d global_colors_info=\u201d{}\u201d theme_builder_area=\u201dpost_content\u201d][et_pb_image src=\u201dhttps:\/\/tondinilaw.com\/wp-content\/uploads\/2021\/08\/ncba.png\u201d alt=\u201dncba badge\u201d title_text=\u201dncba\u201d align=\u201dcenter\u201d _builder_version=\u201d4.27.2\u2033 _module_preset=\u201ddefault\u201d width=\u201d50%\u201d module_alignment=\u201dcenter\u201d max_height=\u201d1000px\u201d global_colors_info=\u201d{}\u201d theme_builder_area=\u201dpost_content\u201d][\/et_pb_image][\/et_pb_column][et_pb_column type=\u201d1_4\u2033 _builder_version=\u201d4.16\u2033 _module_preset=\u201ddefault\u201d global_colors_info=\u201d{}\u201d theme_builder_area=\u201dpost_content\u201d][et_pb_image src=\u201dhttps:\/\/tondinilaw.com\/wp-content\/uploads\/2024\/08\/2024-AILA-member-Tondini-Law.jpg\u201d alt=\u201d2024-AILA-miembro-Tondini-Law, imagen del \u00edcono\u201d title_text=\u201d2024-AILA-miembro-Tondini-Law\u201d alineaci\u00f3n=\u201dcentro\u201d _builder_version=\u201d4.26.0\u201d _module_preset=\u201dpredeterminado\u201d ancho=\u201d50%\u201d module_alignment=\u201dcentro\u201d max_height=\u201d1000px\u201d global_colors_info=\u201d{}\u201d theme_builder_area=\u201dpost_content\u201d][\/et_pb_image][\/et_pb_column][et_pb_column tipo=\u201d1_4\u2033 _builder_version=\u201d4.16\u2033 _module_preset=\u201ddefault\u201d global_colors_info=\u201d{}\u201d theme_builder_area=\u201dpost_content\u201d][et_pb_image src=\u201dhttps:\/\/tondinilaw.com\/wp-content\/uploads\/2021\/08\/SDCBA.png\u201d alt=\u201dColegio de Abogados del Condado de San Diego (SDCBA)\u201d title_text=\u201dSDCBA\u201d _builder_version=\u201d4.27.2\u2033 _module_preset=\u201ddefault\u201d global_colors_info=\u201d{}\u201d theme_builder_area=\u201dpost_content\u201d][\/et_pb_image][\/et_pb_column][et_pb_column type=\u201d1_4\u2033 _builder_version=\u201d4.16\u2033 _module_preset=\u201ddefault\u201d global_colors_info=\u201d{}\u201d theme_builder_area=\u201dpost_content\u201d][et_pb_image src=\u201dhttps:\/\/tondinilaw.com\/wp-content\/uploads\/2021\/11\/Lawyers-Club-Logo.png\u201d alt=\u201dLogotipo del Club de Abogados\u201d title_text=\u201dLogotipo del Club de Abogados\u201d _builder_version=\u201d4.27.2\u2033 _module_preset=\u201ddefault\u201d width=\u201d55%\u201d module_alignment=\u201dcenter\u201d global_colors_info=\u00bb{}\u00bb theme_builder_area=\u00bbpost_content\u00bb][\/et_pb_image][\/et_pb_column][\/et_pb_row][\/et_pb_section]","protected":false},"excerpt":{"rendered":"<p>Experiencia local. Alcance globalAVISO LEGALEl sitio web de Tondini Law APC tiene fines meramente informativos. Nada de lo que aparece en este sitio debe interpretarse como asesoramiento jur\u00eddico ni como el establecimiento de una relaci\u00f3n abogado-cliente entre el lector y Tondini Law APC. Los lectores son responsables de obtener asesoramiento jur\u00eddico de su propio abogado. Ning\u00fan lector debe actuar o abstenerse de [\u2026]<\/p>","protected":false},"author":1,"featured_media":0,"parent":0,"menu_order":0,"comment_status":"closed","ping_status":"closed","template":"","meta":{"_et_pb_use_builder":"on","_et_pb_old_content":"","_et_gb_content_width":"","inline_featured_image":false,"footnotes":""},"class_list":["post-203","page","type-page","status-publish","hentry"],"yoast_head":"<!-- This site is optimized with the Yoast SEO plugin v26.8 - https:\/\/yoast.com\/product\/yoast-seo-wordpress\/ -->\n<title>Disclaimer | Tondini Law | Business &amp; Immigration<\/title>\n<meta name=\"description\" content=\"Tondini Law APC\u2019s website is for informational purposes only and does not constitute legal advice or establish an attorney-client relationship.\" \/>\n<meta name=\"robots\" content=\"noindex, follow\" \/>\n<meta property=\"og:locale\" content=\"es_ES\" \/>\n<meta property=\"og:type\" content=\"article\" \/>\n<meta property=\"og:title\" content=\"Disclaimer | Tondini Law | Business &amp; Immigration\" \/>\n<meta property=\"og:description\" content=\"Tondini Law APC\u2019s website is for informational purposes only and does not constitute legal advice or establish an attorney-client relationship.\" \/>\n<meta property=\"og:url\" content=\"https:\/\/tondinilaw.com\/es\/descargo-de-responsabilidad\/\" \/>\n<meta property=\"og:site_name\" content=\"Tondini Law | Business &amp; Immigration\" \/>\n<meta property=\"article:modified_time\" content=\"2025-12-22T21:20:35+00:00\" \/>\n<meta name=\"twitter:card\" content=\"summary_large_image\" \/>\n<meta name=\"twitter:label1\" content=\"Est. reading time\" \/>\n\t<meta name=\"twitter:data1\" content=\"2 minutos\" \/>\n<script type=\"application\/ld+json\" class=\"yoast-schema-graph\">{\"@context\":\"https:\/\/schema.org\",\"@graph\":[{\"@type\":\"WebPage\",\"@id\":\"https:\/\/tondinilaw.com\/disclaimer\/\",\"url\":\"https:\/\/tondinilaw.com\/disclaimer\/\",\"name\":\"Disclaimer | Tondini Law | Business &amp; Immigration\",\"isPartOf\":{\"@id\":\"https:\/\/tondinilaw.com\/#website\"},\"datePublished\":\"2021-09-22T23:27:59+00:00\",\"dateModified\":\"2025-12-22T21:20:35+00:00\",\"description\":\"Tondini Law APC\u2019s website is for informational purposes only and does not constitute legal advice or establish an attorney-client relationship.\",\"breadcrumb\":{\"@id\":\"https:\/\/tondinilaw.com\/disclaimer\/#breadcrumb\"},\"inLanguage\":\"es-AR\",\"potentialAction\":[{\"@type\":\"ReadAction\",\"target\":[\"https:\/\/tondinilaw.com\/disclaimer\/\"]}]},{\"@type\":\"BreadcrumbList\",\"@id\":\"https:\/\/tondinilaw.com\/disclaimer\/#breadcrumb\",\"itemListElement\":[{\"@type\":\"ListItem\",\"position\":1,\"name\":\"Home\",\"item\":\"https:\/\/tondinilaw.com\/\"},{\"@type\":\"ListItem\",\"position\":2,\"name\":\"Disclaimer\"}]},{\"@type\":\"WebSite\",\"@id\":\"https:\/\/tondinilaw.com\/#website\",\"url\":\"https:\/\/tondinilaw.com\/\",\"name\":\"Tondini Law | Business & Immigration\",\"description\":\"Local Knowledge. Global Reach.\",\"publisher\":{\"@id\":\"https:\/\/tondinilaw.com\/#organization\"},\"alternateName\":\"Tondini Law\",\"potentialAction\":[{\"@type\":\"SearchAction\",\"target\":{\"@type\":\"EntryPoint\",\"urlTemplate\":\"https:\/\/tondinilaw.com\/?s={search_term_string}\"},\"query-input\":{\"@type\":\"PropertyValueSpecification\",\"valueRequired\":true,\"valueName\":\"search_term_string\"}}],\"inLanguage\":\"es-AR\"},{\"@type\":\"Organization\",\"@id\":\"https:\/\/tondinilaw.com\/#organization\",\"name\":\"Tondini Law | Business & Immigration\",\"url\":\"https:\/\/tondinilaw.com\/\",\"logo\":{\"@type\":\"ImageObject\",\"inLanguage\":\"es-AR\",\"@id\":\"https:\/\/tondinilaw.com\/#\/schema\/logo\/image\/\",\"url\":\"https:\/\/tondinilaw.com\/wp-content\/uploads\/2025\/10\/tondini-law-logo.svg\",\"contentUrl\":\"https:\/\/tondinilaw.com\/wp-content\/uploads\/2025\/10\/tondini-law-logo.svg\",\"width\":230,\"height\":47,\"caption\":\"Tondini Law | Business & Immigration\"},\"image\":{\"@id\":\"https:\/\/tondinilaw.com\/#\/schema\/logo\/image\/\"}}]}<\/script>\n<!-- \/ Yoast SEO plugin. -->","yoast_head_json":{"title":"Descargo de responsabilidad | Tondini Law | Negocios e inmigraci\u00f3n","description":"El sitio web de Tondini Law APC es s\u00f3lo para fines informativos y no constituye asesoramiento jur\u00eddico ni establece una relaci\u00f3n abogado-cliente.","robots":{"index":"noindex","follow":"follow"},"og_locale":"es_ES","og_type":"article","og_title":"Disclaimer | Tondini Law | Business &amp; Immigration","og_description":"Tondini Law APC\u2019s website is for informational purposes only and does not constitute legal advice or establish an attorney-client relationship.","og_url":"https:\/\/tondinilaw.com\/es\/descargo-de-responsabilidad\/","og_site_name":"Tondini Law | Business &amp; Immigration","article_modified_time":"2025-12-22T21:20:35+00:00","twitter_card":"summary_large_image","twitter_misc":{"Est. reading time":"2 minutos"},"schema":{"@context":"https:\/\/schema.org","@graph":[{"@type":"WebPage","@id":"https:\/\/tondinilaw.com\/disclaimer\/","url":"https:\/\/tondinilaw.com\/disclaimer\/","name":"Descargo de responsabilidad | Tondini Law | Negocios e inmigraci\u00f3n","isPartOf":{"@id":"https:\/\/tondinilaw.com\/#website"},"datePublished":"2021-09-22T23:27:59+00:00","dateModified":"2025-12-22T21:20:35+00:00","description":"El sitio web de Tondini Law APC es s\u00f3lo para fines informativos y no constituye asesoramiento jur\u00eddico ni establece una relaci\u00f3n abogado-cliente.","breadcrumb":{"@id":"https:\/\/tondinilaw.com\/disclaimer\/#breadcrumb"},"inLanguage":"es-AR","potentialAction":[{"@type":"ReadAction","target":["https:\/\/tondinilaw.com\/disclaimer\/"]}]},{"@type":"BreadcrumbList","@id":"https:\/\/tondinilaw.com\/disclaimer\/#breadcrumb","itemListElement":[{"@type":"ListItem","position":1,"name":"Home","item":"https:\/\/tondinilaw.com\/"},{"@type":"ListItem","position":2,"name":"Disclaimer"}]},{"@type":"WebSite","@id":"https:\/\/tondinilaw.com\/#website","url":"https:\/\/tondinilaw.com\/","name":"Tondini Law | Negocios e Inmigraci\u00f3n","description":"Conocimiento local. Alcance global.\ufeff","publisher":{"@id":"https:\/\/tondinilaw.com\/#organization"},"alternateName":"Tondini Law","potentialAction":[{"@type":"SearchAction","target":{"@type":"EntryPoint","urlTemplate":"https:\/\/tondinilaw.com\/?s={search_term_string}"},"query-input":{"@type":"PropertyValueSpecification","valueRequired":true,"valueName":"search_term_string"}}],"inLanguage":"es-AR"},{"@type":"Organization","@id":"https:\/\/tondinilaw.com\/#organization","name":"Tondini Law | Negocios e Inmigraci\u00f3n","url":"https:\/\/tondinilaw.com\/","logo":{"@type":"ImageObject","inLanguage":"es-AR","@id":"https:\/\/tondinilaw.com\/#\/schema\/logo\/image\/","url":"https:\/\/tondinilaw.com\/wp-content\/uploads\/2025\/10\/tondini-law-logo.svg","contentUrl":"https:\/\/tondinilaw.com\/wp-content\/uploads\/2025\/10\/tondini-law-logo.svg","width":230,"height":47,"caption":"Tondini Law | Business & Immigration"},"image":{"@id":"https:\/\/tondinilaw.com\/#\/schema\/logo\/image\/"}}]}},"_links":{"self":[{"href":"https:\/\/tondinilaw.com\/es\/wp-json\/wp\/v2\/pages\/203","targetHints":{"allow":["GET"]}}],"collection":[{"href":"https:\/\/tondinilaw.com\/es\/wp-json\/wp\/v2\/pages"}],"about":[{"href":"https:\/\/tondinilaw.com\/es\/wp-json\/wp\/v2\/types\/page"}],"author":[{"embeddable":true,"href":"https:\/\/tondinilaw.com\/es\/wp-json\/wp\/v2\/users\/1"}],"replies":[{"embeddable":true,"href":"https:\/\/tondinilaw.com\/es\/wp-json\/wp\/v2\/comments?post=203"}],"version-history":[{"count":0,"href":"https:\/\/tondinilaw.com\/es\/wp-json\/wp\/v2\/pages\/203\/revisions"}],"wp:attachment":[{"href":"https:\/\/tondinilaw.com\/es\/wp-json\/wp\/v2\/media?parent=203"}],"curies":[{"name":"wp","href":"https:\/\/api.w.org\/{rel}","templated":true}]}}